{"id":7559,"date":"2025-04-17T09:26:58","date_gmt":"2025-04-17T07:26:58","guid":{"rendered":"https:\/\/www.multigas.ch\/demande-de-recuperation-transfert\/"},"modified":"2025-07-03T09:39:08","modified_gmt":"2025-07-03T07:39:08","slug":"richiesta-di-recupero-trasferimento","status":"publish","type":"page","link":"https:\/\/www.multigas.ch\/it\/richiesta-di-recupero-trasferimento\/","title":{"rendered":"Richiesta di recupero e trasferimento"},"content":{"rendered":"<p>Questo documento \u00e8 valido solo per quantit\u00e0 inferiori a 50 kg, imballaggio compreso. <br \/>\nPer quantit\u00e0 superiori, compilare il documento ufficiale su <a href=\"https:\/\/www.veva-online.admin.ch\/veva\/start.cmd\">www.veva-online.admin.ch<\/a> (Art 6 : Ordinanza sul traffico di rifiuti -OTRif).<\/p>\n","protected":false},"excerpt":{"rendered":"<p>Questo documento \u00e8 valido solo per quantit\u00e0 inferiori a 50 kg, imballaggio compreso. Per quantit\u00e0 superiori, compilare il documento ufficiale su www.veva-online.admin.ch (Art 6 : Ordinanza sul traffico di rifiuti -OTRif).<\/p>\n","protected":false},"author":1,"featured_media":0,"parent":0,"menu_order":0,"comment_status":"closed","ping_status":"closed","template":"template-recuperation.php","meta":{"_acf_changed":false,"footnotes":""},"class_list":["post-7559","page","type-page","status-publish","hentry"],"acf":[],"yoast_head":"<!-- This site is optimized with the Yoast SEO plugin v27.3 - https:\/\/yoast.com\/product\/yoast-seo-wordpress\/ -->\n<title>Richiesta di recupero e trasferimento - Multigas<\/title>\n<meta name=\"description\" content=\"Modulo di richiesta per il recupero e il trasferimento di fluidi multigas.\" \/>\n<meta name=\"robots\" content=\"index, follow, max-snippet:-1, max-image-preview:large, max-video-preview:-1\" \/>\n<link rel=\"canonical\" href=\"https:\/\/www.multigas.ch\/it\/richiesta-di-recupero-trasferimento\/\" \/>\n<meta property=\"og:locale\" content=\"it_IT\" \/>\n<meta property=\"og:type\" content=\"article\" \/>\n<meta property=\"og:title\" content=\"Richiesta di recupero e trasferimento - Multigas\" \/>\n<meta property=\"og:description\" content=\"Modulo di richiesta per il recupero e il trasferimento di fluidi multigas.\" \/>\n<meta property=\"og:url\" content=\"https:\/\/www.multigas.ch\/it\/richiesta-di-recupero-trasferimento\/\" \/>\n<meta property=\"og:site_name\" content=\"Multigas\" \/>\n<meta property=\"article:modified_time\" content=\"2025-07-03T07:39:08+00:00\" \/>\n<meta name=\"twitter:card\" content=\"summary_large_image\" \/>\n<meta name=\"twitter:label1\" content=\"Tempo di lettura stimato\" \/>\n\t<meta name=\"twitter:data1\" content=\"1 minuto\" \/>\n<script type=\"application\/ld+json\" class=\"yoast-schema-graph\">{\"@context\":\"https:\\\/\\\/schema.org\",\"@graph\":[{\"@type\":\"WebPage\",\"@id\":\"https:\\\/\\\/www.multigas.ch\\\/it\\\/richiesta-di-recupero-trasferimento\\\/\",\"url\":\"https:\\\/\\\/www.multigas.ch\\\/it\\\/richiesta-di-recupero-trasferimento\\\/\",\"name\":\"Richiesta di recupero e trasferimento - Multigas\",\"isPartOf\":{\"@id\":\"https:\\\/\\\/www.multigas.ch\\\/#website\"},\"datePublished\":\"2025-04-17T07:26:58+00:00\",\"dateModified\":\"2025-07-03T07:39:08+00:00\",\"description\":\"Modulo di richiesta per il recupero e il trasferimento di fluidi multigas.\",\"breadcrumb\":{\"@id\":\"https:\\\/\\\/www.multigas.ch\\\/it\\\/richiesta-di-recupero-trasferimento\\\/#breadcrumb\"},\"inLanguage\":\"it-IT\",\"potentialAction\":[{\"@type\":\"ReadAction\",\"target\":[\"https:\\\/\\\/www.multigas.ch\\\/it\\\/richiesta-di-recupero-trasferimento\\\/\"]}]},{\"@type\":\"BreadcrumbList\",\"@id\":\"https:\\\/\\\/www.multigas.ch\\\/it\\\/richiesta-di-recupero-trasferimento\\\/#breadcrumb\",\"itemListElement\":[{\"@type\":\"ListItem\",\"position\":1,\"name\":\"Accueil\",\"item\":\"https:\\\/\\\/www.multigas.ch\\\/\"},{\"@type\":\"ListItem\",\"position\":2,\"name\":\"Richiesta di recupero e trasferimento\"}]},{\"@type\":\"WebSite\",\"@id\":\"https:\\\/\\\/www.multigas.ch\\\/#website\",\"url\":\"https:\\\/\\\/www.multigas.ch\\\/\",\"name\":\"Multigas\",\"description\":\"Fournisseur de Gaz sp\u00e9ciaux en Suisse\",\"potentialAction\":[{\"@type\":\"SearchAction\",\"target\":{\"@type\":\"EntryPoint\",\"urlTemplate\":\"https:\\\/\\\/www.multigas.ch\\\/?s={search_term_string}\"},\"query-input\":{\"@type\":\"PropertyValueSpecification\",\"valueRequired\":true,\"valueName\":\"search_term_string\"}}],\"inLanguage\":\"it-IT\"}]}<\/script>\n<!-- \/ Yoast SEO plugin. -->","yoast_head_json":{"title":"Richiesta di recupero e trasferimento - Multigas","description":"Modulo di richiesta per il recupero e il trasferimento di fluidi multigas.","robots":{"index":"index","follow":"follow","max-snippet":"max-snippet:-1","max-image-preview":"max-image-preview:large","max-video-preview":"max-video-preview:-1"},"canonical":"https:\/\/www.multigas.ch\/it\/richiesta-di-recupero-trasferimento\/","og_locale":"it_IT","og_type":"article","og_title":"Richiesta di recupero e trasferimento - Multigas","og_description":"Modulo di richiesta per il recupero e il trasferimento di fluidi multigas.","og_url":"https:\/\/www.multigas.ch\/it\/richiesta-di-recupero-trasferimento\/","og_site_name":"Multigas","article_modified_time":"2025-07-03T07:39:08+00:00","twitter_card":"summary_large_image","twitter_misc":{"Tempo di lettura stimato":"1 minuto"},"schema":{"@context":"https:\/\/schema.org","@graph":[{"@type":"WebPage","@id":"https:\/\/www.multigas.ch\/it\/richiesta-di-recupero-trasferimento\/","url":"https:\/\/www.multigas.ch\/it\/richiesta-di-recupero-trasferimento\/","name":"Richiesta di recupero e trasferimento - Multigas","isPartOf":{"@id":"https:\/\/www.multigas.ch\/#website"},"datePublished":"2025-04-17T07:26:58+00:00","dateModified":"2025-07-03T07:39:08+00:00","description":"Modulo di richiesta per il recupero e il trasferimento di fluidi multigas.","breadcrumb":{"@id":"https:\/\/www.multigas.ch\/it\/richiesta-di-recupero-trasferimento\/#breadcrumb"},"inLanguage":"it-IT","potentialAction":[{"@type":"ReadAction","target":["https:\/\/www.multigas.ch\/it\/richiesta-di-recupero-trasferimento\/"]}]},{"@type":"BreadcrumbList","@id":"https:\/\/www.multigas.ch\/it\/richiesta-di-recupero-trasferimento\/#breadcrumb","itemListElement":[{"@type":"ListItem","position":1,"name":"Accueil","item":"https:\/\/www.multigas.ch\/"},{"@type":"ListItem","position":2,"name":"Richiesta di recupero e trasferimento"}]},{"@type":"WebSite","@id":"https:\/\/www.multigas.ch\/#website","url":"https:\/\/www.multigas.ch\/","name":"Multigas","description":"Fournisseur de Gaz sp\u00e9ciaux en Suisse","potentialAction":[{"@type":"SearchAction","target":{"@type":"EntryPoint","urlTemplate":"https:\/\/www.multigas.ch\/?s={search_term_string}"},"query-input":{"@type":"PropertyValueSpecification","valueRequired":true,"valueName":"search_term_string"}}],"inLanguage":"it-IT"}]}},"_links":{"self":[{"href":"https:\/\/www.multigas.ch\/it\/wp-json\/wp\/v2\/pages\/7559","targetHints":{"allow":["GET"]}}],"collection":[{"href":"https:\/\/www.multigas.ch\/it\/wp-json\/wp\/v2\/pages"}],"about":[{"href":"https:\/\/www.multigas.ch\/it\/wp-json\/wp\/v2\/types\/page"}],"author":[{"embeddable":true,"href":"https:\/\/www.multigas.ch\/it\/wp-json\/wp\/v2\/users\/1"}],"replies":[{"embeddable":true,"href":"https:\/\/www.multigas.ch\/it\/wp-json\/wp\/v2\/comments?post=7559"}],"version-history":[{"count":3,"href":"https:\/\/www.multigas.ch\/it\/wp-json\/wp\/v2\/pages\/7559\/revisions"}],"predecessor-version":[{"id":7618,"href":"https:\/\/www.multigas.ch\/it\/wp-json\/wp\/v2\/pages\/7559\/revisions\/7618"}],"wp:attachment":[{"href":"https:\/\/www.multigas.ch\/it\/wp-json\/wp\/v2\/media?parent=7559"}],"curies":[{"name":"wp","href":"https:\/\/api.w.org\/{rel}","templated":true}]}}