{"id":7552,"date":"2025-04-17T09:26:58","date_gmt":"2025-04-17T07:26:58","guid":{"rendered":"https:\/\/www.multigas.ch\/dienstleistungen\/rucknahme-und-entsorgung\/demande-de-recuperation-transfert\/"},"modified":"2025-07-03T09:38:14","modified_gmt":"2025-07-03T07:38:14","slug":"antrag-auf-rueckforderung-und-uebertragung","status":"publish","type":"page","link":"https:\/\/www.multigas.ch\/de\/dienstleistungen\/rucknahme-und-entsorgung\/antrag-auf-rueckforderung-und-uebertragung\/","title":{"rendered":"Antrag auf R\u00fcckforderung und \u00dcbertragung"},"content":{"rendered":"<p>Dieses Dokument ist nur f\u00fcr Mengen unter 50 kg einschlie\u00dflich Verpackung g\u00fcltig. <br \/>\nBei einer gr\u00f6\u00dferen Menge f\u00fcllen Sie bitte das offizielle Dokument auf <a href=\"https:\/\/www.veva-online.admin.ch\/veva\/start.cmd\">www.veva-online.admin.ch<\/a> aus (Art 6: Verordnung \u00fcber den Verkehr mit Abf\u00e4llen-Veva).<\/p>\n","protected":false},"excerpt":{"rendered":"<p>Dieses Dokument ist nur f\u00fcr Mengen unter 50 kg einschlie\u00dflich Verpackung g\u00fcltig. Bei einer gr\u00f6\u00dferen Menge f\u00fcllen Sie bitte das offizielle Dokument auf www.veva-online.admin.ch aus (Art 6: Verordnung \u00fcber den Verkehr mit Abf\u00e4llen-Veva).<\/p>\n","protected":false},"author":1,"featured_media":0,"parent":639,"menu_order":0,"comment_status":"closed","ping_status":"closed","template":"template-recuperation.php","meta":{"_acf_changed":false,"footnotes":""},"class_list":["post-7552","page","type-page","status-publish","hentry"],"acf":[],"yoast_head":"<!-- This site is optimized with the Yoast SEO plugin v27.3 - https:\/\/yoast.com\/product\/yoast-seo-wordpress\/ -->\n<title>Antrag auf R\u00fcckforderung und \u00dcbertragung - Multigas<\/title>\n<meta name=\"description\" content=\"Antragsformular f\u00fcr die R\u00fcckgewinnung und den Transfer von Fl\u00fcssigkeiten von Multigas.\" \/>\n<meta name=\"robots\" content=\"index, follow, max-snippet:-1, max-image-preview:large, max-video-preview:-1\" \/>\n<link rel=\"canonical\" href=\"https:\/\/www.multigas.ch\/de\/dienstleistungen\/rucknahme-und-entsorgung\/antrag-auf-rueckforderung-und-uebertragung\/\" \/>\n<meta property=\"og:locale\" content=\"de_DE\" \/>\n<meta property=\"og:type\" content=\"article\" \/>\n<meta property=\"og:title\" content=\"Antrag auf R\u00fcckforderung und \u00dcbertragung - Multigas\" \/>\n<meta property=\"og:description\" content=\"Antragsformular f\u00fcr die R\u00fcckgewinnung und den Transfer von Fl\u00fcssigkeiten von Multigas.\" \/>\n<meta property=\"og:url\" content=\"https:\/\/www.multigas.ch\/de\/dienstleistungen\/rucknahme-und-entsorgung\/antrag-auf-rueckforderung-und-uebertragung\/\" \/>\n<meta property=\"og:site_name\" content=\"Multigas\" \/>\n<meta property=\"article:modified_time\" content=\"2025-07-03T07:38:14+00:00\" \/>\n<meta name=\"twitter:card\" content=\"summary_large_image\" \/>\n<meta name=\"twitter:label1\" content=\"Gesch\u00e4tzte Lesezeit\" \/>\n\t<meta name=\"twitter:data1\" content=\"1\u00a0Minute\" \/>\n<script type=\"application\/ld+json\" class=\"yoast-schema-graph\">{\"@context\":\"https:\\\/\\\/schema.org\",\"@graph\":[{\"@type\":\"WebPage\",\"@id\":\"https:\\\/\\\/www.multigas.ch\\\/de\\\/dienstleistungen\\\/rucknahme-und-entsorgung\\\/antrag-auf-rueckforderung-und-uebertragung\\\/\",\"url\":\"https:\\\/\\\/www.multigas.ch\\\/de\\\/dienstleistungen\\\/rucknahme-und-entsorgung\\\/antrag-auf-rueckforderung-und-uebertragung\\\/\",\"name\":\"Antrag auf R\u00fcckforderung und \u00dcbertragung - Multigas\",\"isPartOf\":{\"@id\":\"https:\\\/\\\/www.multigas.ch\\\/#website\"},\"datePublished\":\"2025-04-17T07:26:58+00:00\",\"dateModified\":\"2025-07-03T07:38:14+00:00\",\"description\":\"Antragsformular f\u00fcr die R\u00fcckgewinnung und den Transfer von Fl\u00fcssigkeiten von Multigas.\",\"breadcrumb\":{\"@id\":\"https:\\\/\\\/www.multigas.ch\\\/de\\\/dienstleistungen\\\/rucknahme-und-entsorgung\\\/antrag-auf-rueckforderung-und-uebertragung\\\/#breadcrumb\"},\"inLanguage\":\"de\",\"potentialAction\":[{\"@type\":\"ReadAction\",\"target\":[\"https:\\\/\\\/www.multigas.ch\\\/de\\\/dienstleistungen\\\/rucknahme-und-entsorgung\\\/antrag-auf-rueckforderung-und-uebertragung\\\/\"]}]},{\"@type\":\"BreadcrumbList\",\"@id\":\"https:\\\/\\\/www.multigas.ch\\\/de\\\/dienstleistungen\\\/rucknahme-und-entsorgung\\\/antrag-auf-rueckforderung-und-uebertragung\\\/#breadcrumb\",\"itemListElement\":[{\"@type\":\"ListItem\",\"position\":1,\"name\":\"Zuhause\",\"item\":\"https:\\\/\\\/www.multigas.ch\\\/de\\\/\"},{\"@type\":\"ListItem\",\"position\":2,\"name\":\"Dienstleistungen\",\"item\":\"https:\\\/\\\/www.multigas.ch\\\/de\\\/dienstleistungen\\\/\"},{\"@type\":\"ListItem\",\"position\":3,\"name\":\"R\u00fccknahme und Entsorgung\",\"item\":\"https:\\\/\\\/www.multigas.ch\\\/de\\\/dienstleistungen\\\/rucknahme-und-entsorgung\\\/\"},{\"@type\":\"ListItem\",\"position\":4,\"name\":\"Antrag auf R\u00fcckforderung und \u00dcbertragung\"}]},{\"@type\":\"WebSite\",\"@id\":\"https:\\\/\\\/www.multigas.ch\\\/#website\",\"url\":\"https:\\\/\\\/www.multigas.ch\\\/\",\"name\":\"Multigas\",\"description\":\"Fournisseur de Gaz sp\u00e9ciaux en Suisse\",\"potentialAction\":[{\"@type\":\"SearchAction\",\"target\":{\"@type\":\"EntryPoint\",\"urlTemplate\":\"https:\\\/\\\/www.multigas.ch\\\/?s={search_term_string}\"},\"query-input\":{\"@type\":\"PropertyValueSpecification\",\"valueRequired\":true,\"valueName\":\"search_term_string\"}}],\"inLanguage\":\"de\"}]}<\/script>\n<!-- \/ Yoast SEO plugin. -->","yoast_head_json":{"title":"Antrag auf R\u00fcckforderung und \u00dcbertragung - Multigas","description":"Antragsformular f\u00fcr die R\u00fcckgewinnung und den Transfer von Fl\u00fcssigkeiten von Multigas.","robots":{"index":"index","follow":"follow","max-snippet":"max-snippet:-1","max-image-preview":"max-image-preview:large","max-video-preview":"max-video-preview:-1"},"canonical":"https:\/\/www.multigas.ch\/de\/dienstleistungen\/rucknahme-und-entsorgung\/antrag-auf-rueckforderung-und-uebertragung\/","og_locale":"de_DE","og_type":"article","og_title":"Antrag auf R\u00fcckforderung und \u00dcbertragung - Multigas","og_description":"Antragsformular f\u00fcr die R\u00fcckgewinnung und den Transfer von Fl\u00fcssigkeiten von Multigas.","og_url":"https:\/\/www.multigas.ch\/de\/dienstleistungen\/rucknahme-und-entsorgung\/antrag-auf-rueckforderung-und-uebertragung\/","og_site_name":"Multigas","article_modified_time":"2025-07-03T07:38:14+00:00","twitter_card":"summary_large_image","twitter_misc":{"Gesch\u00e4tzte Lesezeit":"1\u00a0Minute"},"schema":{"@context":"https:\/\/schema.org","@graph":[{"@type":"WebPage","@id":"https:\/\/www.multigas.ch\/de\/dienstleistungen\/rucknahme-und-entsorgung\/antrag-auf-rueckforderung-und-uebertragung\/","url":"https:\/\/www.multigas.ch\/de\/dienstleistungen\/rucknahme-und-entsorgung\/antrag-auf-rueckforderung-und-uebertragung\/","name":"Antrag auf R\u00fcckforderung und \u00dcbertragung - Multigas","isPartOf":{"@id":"https:\/\/www.multigas.ch\/#website"},"datePublished":"2025-04-17T07:26:58+00:00","dateModified":"2025-07-03T07:38:14+00:00","description":"Antragsformular f\u00fcr die R\u00fcckgewinnung und den Transfer von Fl\u00fcssigkeiten von Multigas.","breadcrumb":{"@id":"https:\/\/www.multigas.ch\/de\/dienstleistungen\/rucknahme-und-entsorgung\/antrag-auf-rueckforderung-und-uebertragung\/#breadcrumb"},"inLanguage":"de","potentialAction":[{"@type":"ReadAction","target":["https:\/\/www.multigas.ch\/de\/dienstleistungen\/rucknahme-und-entsorgung\/antrag-auf-rueckforderung-und-uebertragung\/"]}]},{"@type":"BreadcrumbList","@id":"https:\/\/www.multigas.ch\/de\/dienstleistungen\/rucknahme-und-entsorgung\/antrag-auf-rueckforderung-und-uebertragung\/#breadcrumb","itemListElement":[{"@type":"ListItem","position":1,"name":"Zuhause","item":"https:\/\/www.multigas.ch\/de\/"},{"@type":"ListItem","position":2,"name":"Dienstleistungen","item":"https:\/\/www.multigas.ch\/de\/dienstleistungen\/"},{"@type":"ListItem","position":3,"name":"R\u00fccknahme und Entsorgung","item":"https:\/\/www.multigas.ch\/de\/dienstleistungen\/rucknahme-und-entsorgung\/"},{"@type":"ListItem","position":4,"name":"Antrag auf R\u00fcckforderung und \u00dcbertragung"}]},{"@type":"WebSite","@id":"https:\/\/www.multigas.ch\/#website","url":"https:\/\/www.multigas.ch\/","name":"Multigas","description":"Fournisseur de Gaz sp\u00e9ciaux en Suisse","potentialAction":[{"@type":"SearchAction","target":{"@type":"EntryPoint","urlTemplate":"https:\/\/www.multigas.ch\/?s={search_term_string}"},"query-input":{"@type":"PropertyValueSpecification","valueRequired":true,"valueName":"search_term_string"}}],"inLanguage":"de"}]}},"_links":{"self":[{"href":"https:\/\/www.multigas.ch\/de\/wp-json\/wp\/v2\/pages\/7552","targetHints":{"allow":["GET"]}}],"collection":[{"href":"https:\/\/www.multigas.ch\/de\/wp-json\/wp\/v2\/pages"}],"about":[{"href":"https:\/\/www.multigas.ch\/de\/wp-json\/wp\/v2\/types\/page"}],"author":[{"embeddable":true,"href":"https:\/\/www.multigas.ch\/de\/wp-json\/wp\/v2\/users\/1"}],"replies":[{"embeddable":true,"href":"https:\/\/www.multigas.ch\/de\/wp-json\/wp\/v2\/comments?post=7552"}],"version-history":[{"count":3,"href":"https:\/\/www.multigas.ch\/de\/wp-json\/wp\/v2\/pages\/7552\/revisions"}],"predecessor-version":[{"id":7617,"href":"https:\/\/www.multigas.ch\/de\/wp-json\/wp\/v2\/pages\/7552\/revisions\/7617"}],"up":[{"embeddable":true,"href":"https:\/\/www.multigas.ch\/de\/wp-json\/wp\/v2\/pages\/639"}],"wp:attachment":[{"href":"https:\/\/www.multigas.ch\/de\/wp-json\/wp\/v2\/media?parent=7552"}],"curies":[{"name":"wp","href":"https:\/\/api.w.org\/{rel}","templated":true}]}}