{"id":644,"date":"2018-03-05T10:51:22","date_gmt":"2018-03-05T09:51:22","guid":{"rendered":"https:\/\/www.multigas.ch\/impressum\/"},"modified":"2018-03-05T10:51:22","modified_gmt":"2018-03-05T09:51:22","slug":"impressum","status":"publish","type":"page","link":"https:\/\/www.multigas.ch\/de\/impressum\/","title":{"rendered":"Impressum"},"content":{"rendered":"<h2>1. INHALT<\/h2>\n<p>Diese Seite ist Eigentum des Unternehmens Multigas SA.<br \/> <br \/>\n Diese Seite wurde von der <a href=\"https:\/\/www.coms-up.com\" target=\"_blank\" rel=\"noopener\">Webagentur Coms&#8217;Up<\/a> entwickelt, die f\u00fcr die Weiterentwicklungen, den Betrieb und die Verwaltung der Webseite verantwortlich ist.<\/p>\n<p> <br \/>\n <strong>Hosting:<\/strong> OVH SAS \u2013 Eingetragen im Handelsregister der Metropole Lille unter der Nummer 424 761 419 00045 \u2013 2 rue Kellermann &#8211; 59100 Roubaix &#8211; Frankreich<br \/> <br \/>\n Name des Unternehmens: <strong>Multigas SA<\/strong><br \/> <br \/>\n Name und Vorname der verantwortlichen Person: <strong>Herr Othmar Fontana<\/strong><br \/> <br \/>\n Vollst\u00e4ndige Adresse: <strong>Route de l&#8217;Industrie 102, CH-1564 Domdidier<\/strong><br \/> <br \/>\n E-Mail-Adresse: <strong>info@multigas.ch<\/strong><br \/> <br \/>\n Tel.: <strong>+41 26 676 94 94<\/strong><br \/> <br \/>\n Fax: <strong>+41 26 676 94 95<\/strong><\/p>\n<p>&nbsp;<\/p>\n<h2>2. IHR RECHT AUF AUSKUNFT UND BERICHTIGUNG<\/h2>\n<p>Die auf dieser Seite gesammelten Informationen werden f\u00fcr interne Verwaltungszwecke verwendet. Diese Informationen sind f\u00fcr Multigas bestimmt, k\u00f6nnen jedoch trotzdem an unsere Dienstleister zwecks Durchf\u00fchrung von Arbeiten in unserem Auftrag weitergeleitet werden.<br \/> <br \/>\n Sie verf\u00fcgen hierdurch \u00fcber ein Recht auf Auskunft und Berichtigung unter den im Gesetz \u00fcber Datenschutz vom 19. Juni 1992 bez\u00fcglich Datenverarbeitung, Dateien und Freiheiten vorgesehenen Bedingungen. Um dieses Recht zu nutzen, wenden Sie sich bitte schriftlich an:  Multigas SA \u2013 Route de l&#8217;Industrie 102, CH-1564 Domdidier.<\/p>\n<p>&nbsp;<\/p>\n<h2>3. VERKN\u00dcPFUNGEN ZU ANDEREN WEBSEITEN: HYPERTEXT-LINKS<\/h2>\n<p>Unsere Webseiten enthalten Hypertext-Links, \u00fcber welche auf Seiten zugegriffen werden kann, die von Dritten erstellt wurden. Multigas \u00fcbernimmt jedoch keinerlei Haftung f\u00fcr den Inhalt dieser Seiten, f\u00fcr Sch\u00e4den, die durch den Besuch dieser Seiten entstehen, f\u00fcr die dort angegebenen Informationen oder f\u00fcr Transaktionen, die dort durchgef\u00fchrt werden k\u00f6nnen. Die Verantwortung und Haftung liegt allein beim Herausgeber der jeweiligen Webseite.<\/p>\n<p>&nbsp;<\/p>\n<h2>4. UNSER GEISTIGES UND GEWERBLICHES EIGENTUM<\/h2>\n<p>Copyright \u00a9 2018 Multigas SA\/Coms&#8217;Up. Alle Rechte auf Vervielf\u00e4ltigung und Ver\u00f6ffentlichung vorbehalten.<br \/> <br \/>\n Alle auf dieser Webseite enthaltenen Informationen (Zeichnungen, Fotos, Logos, Tondokumente etc.) sind Eigentum von Multigas und von Coms&#8217;Up. Folglich darf keine dieser Informationen ohne vorheriges schriftliches Einverst\u00e4ndnis von Multigas und Coms&#8217;Up vervielf\u00e4ltigt, ver\u00e4ndert, verbreitet, \u00fcbersetzt, gewerblich verwendet oder f\u00fcr einen anderen Zweck wiederverwendet werden.<\/p>\n","protected":false},"excerpt":{"rendered":"<p>1. INHALT Diese Seite ist Eigentum des Unternehmens Multigas SA. Diese Seite wurde von der Webagentur Coms&#8217;Up entwickelt, die f\u00fcr die Weiterentwicklungen, den Betrieb und die Verwaltung der Webseite verantwortlich ist. Hosting: OVH SAS \u2013 Eingetragen im Handelsregister der Metropole Lille unter der Nummer 424 761 419 00045 \u2013 2 rue Kellermann &#8211; 59100 Roubaix [&hellip;]<\/p>\n","protected":false},"author":1,"featured_media":0,"parent":0,"menu_order":9,"comment_status":"closed","ping_status":"closed","template":"","meta":{"_acf_changed":false,"footnotes":""},"class_list":["post-644","page","type-page","status-publish","hentry"],"acf":[],"yoast_head":"<!-- This site is optimized with the Yoast SEO plugin v27.3 - https:\/\/yoast.com\/product\/yoast-seo-wordpress\/ -->\n<title>Impressum - Multigas<\/title>\n<meta name=\"description\" content=\"Impressum der Internetseite www.multigas.ch. Erstellung der Internetseite durch die Webagentur www.coms-up.com\" \/>\n<meta name=\"robots\" content=\"index, follow, max-snippet:-1, max-image-preview:large, max-video-preview:-1\" \/>\n<link rel=\"canonical\" href=\"https:\/\/www.multigas.ch\/de\/impressum\/\" \/>\n<meta property=\"og:locale\" content=\"de_DE\" \/>\n<meta property=\"og:type\" content=\"article\" \/>\n<meta property=\"og:title\" content=\"Impressum - Multigas\" \/>\n<meta property=\"og:description\" content=\"Impressum der Internetseite www.multigas.ch. Erstellung der Internetseite durch die Webagentur www.coms-up.com\" \/>\n<meta property=\"og:url\" content=\"https:\/\/www.multigas.ch\/de\/impressum\/\" \/>\n<meta property=\"og:site_name\" content=\"Multigas\" \/>\n<meta name=\"twitter:card\" content=\"summary_large_image\" \/>\n<meta name=\"twitter:label1\" content=\"Gesch\u00e4tzte Lesezeit\" \/>\n\t<meta name=\"twitter:data1\" content=\"2\u00a0Minuten\" \/>\n<script type=\"application\/ld+json\" class=\"yoast-schema-graph\">{\"@context\":\"https:\\\/\\\/schema.org\",\"@graph\":[{\"@type\":\"WebPage\",\"@id\":\"https:\\\/\\\/www.multigas.ch\\\/de\\\/impressum\\\/\",\"url\":\"https:\\\/\\\/www.multigas.ch\\\/de\\\/impressum\\\/\",\"name\":\"Impressum - Multigas\",\"isPartOf\":{\"@id\":\"https:\\\/\\\/www.multigas.ch\\\/#website\"},\"datePublished\":\"2018-03-05T09:51:22+00:00\",\"description\":\"Impressum der Internetseite www.multigas.ch. Erstellung der Internetseite durch die Webagentur www.coms-up.com\",\"breadcrumb\":{\"@id\":\"https:\\\/\\\/www.multigas.ch\\\/de\\\/impressum\\\/#breadcrumb\"},\"inLanguage\":\"de\",\"potentialAction\":[{\"@type\":\"ReadAction\",\"target\":[\"https:\\\/\\\/www.multigas.ch\\\/de\\\/impressum\\\/\"]}]},{\"@type\":\"BreadcrumbList\",\"@id\":\"https:\\\/\\\/www.multigas.ch\\\/de\\\/impressum\\\/#breadcrumb\",\"itemListElement\":[{\"@type\":\"ListItem\",\"position\":1,\"name\":\"Zuhause\",\"item\":\"https:\\\/\\\/www.multigas.ch\\\/de\\\/\"},{\"@type\":\"ListItem\",\"position\":2,\"name\":\"Impressum\"}]},{\"@type\":\"WebSite\",\"@id\":\"https:\\\/\\\/www.multigas.ch\\\/#website\",\"url\":\"https:\\\/\\\/www.multigas.ch\\\/\",\"name\":\"Multigas\",\"description\":\"Fournisseur de Gaz sp\u00e9ciaux en Suisse\",\"potentialAction\":[{\"@type\":\"SearchAction\",\"target\":{\"@type\":\"EntryPoint\",\"urlTemplate\":\"https:\\\/\\\/www.multigas.ch\\\/?s={search_term_string}\"},\"query-input\":{\"@type\":\"PropertyValueSpecification\",\"valueRequired\":true,\"valueName\":\"search_term_string\"}}],\"inLanguage\":\"de\"}]}<\/script>\n<!-- \/ Yoast SEO plugin. -->","yoast_head_json":{"title":"Impressum - Multigas","description":"Impressum der Internetseite www.multigas.ch. Erstellung der Internetseite durch die Webagentur www.coms-up.com","robots":{"index":"index","follow":"follow","max-snippet":"max-snippet:-1","max-image-preview":"max-image-preview:large","max-video-preview":"max-video-preview:-1"},"canonical":"https:\/\/www.multigas.ch\/de\/impressum\/","og_locale":"de_DE","og_type":"article","og_title":"Impressum - Multigas","og_description":"Impressum der Internetseite www.multigas.ch. Erstellung der Internetseite durch die Webagentur www.coms-up.com","og_url":"https:\/\/www.multigas.ch\/de\/impressum\/","og_site_name":"Multigas","twitter_card":"summary_large_image","twitter_misc":{"Gesch\u00e4tzte Lesezeit":"2\u00a0Minuten"},"schema":{"@context":"https:\/\/schema.org","@graph":[{"@type":"WebPage","@id":"https:\/\/www.multigas.ch\/de\/impressum\/","url":"https:\/\/www.multigas.ch\/de\/impressum\/","name":"Impressum - Multigas","isPartOf":{"@id":"https:\/\/www.multigas.ch\/#website"},"datePublished":"2018-03-05T09:51:22+00:00","description":"Impressum der Internetseite www.multigas.ch. Erstellung der Internetseite durch die Webagentur www.coms-up.com","breadcrumb":{"@id":"https:\/\/www.multigas.ch\/de\/impressum\/#breadcrumb"},"inLanguage":"de","potentialAction":[{"@type":"ReadAction","target":["https:\/\/www.multigas.ch\/de\/impressum\/"]}]},{"@type":"BreadcrumbList","@id":"https:\/\/www.multigas.ch\/de\/impressum\/#breadcrumb","itemListElement":[{"@type":"ListItem","position":1,"name":"Zuhause","item":"https:\/\/www.multigas.ch\/de\/"},{"@type":"ListItem","position":2,"name":"Impressum"}]},{"@type":"WebSite","@id":"https:\/\/www.multigas.ch\/#website","url":"https:\/\/www.multigas.ch\/","name":"Multigas","description":"Fournisseur de Gaz sp\u00e9ciaux en Suisse","potentialAction":[{"@type":"SearchAction","target":{"@type":"EntryPoint","urlTemplate":"https:\/\/www.multigas.ch\/?s={search_term_string}"},"query-input":{"@type":"PropertyValueSpecification","valueRequired":true,"valueName":"search_term_string"}}],"inLanguage":"de"}]}},"_links":{"self":[{"href":"https:\/\/www.multigas.ch\/de\/wp-json\/wp\/v2\/pages\/644","targetHints":{"allow":["GET"]}}],"collection":[{"href":"https:\/\/www.multigas.ch\/de\/wp-json\/wp\/v2\/pages"}],"about":[{"href":"https:\/\/www.multigas.ch\/de\/wp-json\/wp\/v2\/types\/page"}],"author":[{"embeddable":true,"href":"https:\/\/www.multigas.ch\/de\/wp-json\/wp\/v2\/users\/1"}],"replies":[{"embeddable":true,"href":"https:\/\/www.multigas.ch\/de\/wp-json\/wp\/v2\/comments?post=644"}],"version-history":[{"count":0,"href":"https:\/\/www.multigas.ch\/de\/wp-json\/wp\/v2\/pages\/644\/revisions"}],"wp:attachment":[{"href":"https:\/\/www.multigas.ch\/de\/wp-json\/wp\/v2\/media?parent=644"}],"curies":[{"name":"wp","href":"https:\/\/api.w.org\/{rel}","templated":true}]}}