{"id":640,"date":"2018-03-05T10:51:21","date_gmt":"2018-03-05T09:51:21","guid":{"rendered":"https:\/\/www.multigas.ch\/dienstleistungen\/ruckverfolgbarkeit\/"},"modified":"2018-08-06T10:35:59","modified_gmt":"2018-08-06T08:35:59","slug":"ruckverfolgbarkeit","status":"publish","type":"page","link":"https:\/\/www.multigas.ch\/de\/dienstleistungen\/ruckverfolgbarkeit\/","title":{"rendered":"R\u00fcckverfolgbarkeit"},"content":{"rendered":"<p>Unsere eigenen Gebinde und auch die Gebinde unserer Vertriebspartner werden alle \u00fcber die Barcodes, mit denen jedes Gebinde gekennzeichnet ist, nachverfolgt.<\/p>\n<p>&nbsp;<\/p>\n<p>\u00dcber ein umfassendes Verwaltungssystem k\u00f6nnen wir so alle Beh\u00e4lter vollst\u00e4ndig nachverfolgen, beginnend bei der Abf\u00fcllung unserer Flaschen und Beh\u00e4lter und der \u00dcbernahme der Flaschen durch unsere Vertriebspartner auf unserem Werksgel\u00e4nde in Domdidier in der Schweiz.<\/p>\n<p>&nbsp;<\/p>\n<p>Diese Kette wird nicht unterbrochen und umfasst ebenso die Lieferungen an bzw. Abholungen bei unseren Kunden.<\/p>\n","protected":false},"excerpt":{"rendered":"<p>Unsere eigenen Gebinde und auch die Gebinde unserer Vertriebspartner werden alle \u00fcber die Barcodes, mit denen jedes Gebinde gekennzeichnet ist, nachverfolgt. &nbsp; \u00dcber ein umfassendes Verwaltungssystem k\u00f6nnen wir so alle Beh\u00e4lter vollst\u00e4ndig nachverfolgen, beginnend bei der Abf\u00fcllung unserer Flaschen und Beh\u00e4lter und der \u00dcbernahme der Flaschen durch unsere Vertriebspartner auf unserem Werksgel\u00e4nde in Domdidier in [&hellip;]<\/p>\n","protected":false},"author":1,"featured_media":1101,"parent":637,"menu_order":3,"comment_status":"closed","ping_status":"closed","template":"","meta":{"_acf_changed":false,"footnotes":""},"class_list":["post-640","page","type-page","status-publish","has-post-thumbnail","hentry"],"acf":[],"yoast_head":"<!-- This site is optimized with the Yoast SEO plugin v27.3 - https:\/\/yoast.com\/product\/yoast-seo-wordpress\/ -->\n<title>R\u00fcckverfolgbarkeit der ausgelieferten Flaschen - Multigas<\/title>\n<meta name=\"description\" content=\"Unsere eigenen Gebinde und auch die Gebinde unserer Vertriebspartner werden alle \u00fcber die Barcodes, mit denen jedes Gebinde gekennzeichnet ist, nachverfolgt. \u00dcber ein umfassendes Verwaltungssystem k\u00f6nnen wir so alle Beh\u00e4lter vollst\u00e4ndig nachverfolgen.\" \/>\n<meta name=\"robots\" content=\"index, follow, max-snippet:-1, max-image-preview:large, max-video-preview:-1\" \/>\n<link rel=\"canonical\" href=\"https:\/\/www.multigas.ch\/de\/dienstleistungen\/ruckverfolgbarkeit\/\" \/>\n<meta property=\"og:locale\" content=\"de_DE\" \/>\n<meta property=\"og:type\" content=\"article\" \/>\n<meta property=\"og:title\" content=\"R\u00fcckverfolgbarkeit der ausgelieferten Flaschen - Multigas\" \/>\n<meta property=\"og:description\" content=\"Unsere eigenen Gebinde und auch die Gebinde unserer Vertriebspartner werden alle \u00fcber die Barcodes, mit denen jedes Gebinde gekennzeichnet ist, nachverfolgt. \u00dcber ein umfassendes Verwaltungssystem k\u00f6nnen wir so alle Beh\u00e4lter vollst\u00e4ndig nachverfolgen.\" \/>\n<meta property=\"og:url\" content=\"https:\/\/www.multigas.ch\/de\/dienstleistungen\/ruckverfolgbarkeit\/\" \/>\n<meta property=\"og:site_name\" content=\"Multigas\" \/>\n<meta property=\"article:modified_time\" content=\"2018-08-06T08:35:59+00:00\" \/>\n<meta property=\"og:image\" content=\"https:\/\/www.multigas.ch\/wp-content\/uploads\/2018\/01\/service-tracabilite-multigas.jpg\" \/>\n\t<meta property=\"og:image:width\" content=\"1400\" \/>\n\t<meta property=\"og:image:height\" content=\"650\" \/>\n\t<meta property=\"og:image:type\" content=\"image\/jpeg\" \/>\n<meta name=\"twitter:card\" content=\"summary_large_image\" \/>\n<script type=\"application\/ld+json\" class=\"yoast-schema-graph\">{\"@context\":\"https:\\\/\\\/schema.org\",\"@graph\":[{\"@type\":\"WebPage\",\"@id\":\"https:\\\/\\\/www.multigas.ch\\\/de\\\/dienstleistungen\\\/ruckverfolgbarkeit\\\/\",\"url\":\"https:\\\/\\\/www.multigas.ch\\\/de\\\/dienstleistungen\\\/ruckverfolgbarkeit\\\/\",\"name\":\"R\u00fcckverfolgbarkeit der ausgelieferten Flaschen - Multigas\",\"isPartOf\":{\"@id\":\"https:\\\/\\\/www.multigas.ch\\\/#website\"},\"primaryImageOfPage\":{\"@id\":\"https:\\\/\\\/www.multigas.ch\\\/de\\\/dienstleistungen\\\/ruckverfolgbarkeit\\\/#primaryimage\"},\"image\":{\"@id\":\"https:\\\/\\\/www.multigas.ch\\\/de\\\/dienstleistungen\\\/ruckverfolgbarkeit\\\/#primaryimage\"},\"thumbnailUrl\":\"https:\\\/\\\/www.multigas.ch\\\/wp-content\\\/uploads\\\/2018\\\/01\\\/service-tracabilite-multigas.jpg\",\"datePublished\":\"2018-03-05T09:51:21+00:00\",\"dateModified\":\"2018-08-06T08:35:59+00:00\",\"description\":\"Unsere eigenen Gebinde und auch die Gebinde unserer Vertriebspartner werden alle \u00fcber die Barcodes, mit denen jedes Gebinde gekennzeichnet ist, nachverfolgt. \u00dcber ein umfassendes Verwaltungssystem k\u00f6nnen wir so alle Beh\u00e4lter vollst\u00e4ndig nachverfolgen.\",\"breadcrumb\":{\"@id\":\"https:\\\/\\\/www.multigas.ch\\\/de\\\/dienstleistungen\\\/ruckverfolgbarkeit\\\/#breadcrumb\"},\"inLanguage\":\"de\",\"potentialAction\":[{\"@type\":\"ReadAction\",\"target\":[\"https:\\\/\\\/www.multigas.ch\\\/de\\\/dienstleistungen\\\/ruckverfolgbarkeit\\\/\"]}]},{\"@type\":\"ImageObject\",\"inLanguage\":\"de\",\"@id\":\"https:\\\/\\\/www.multigas.ch\\\/de\\\/dienstleistungen\\\/ruckverfolgbarkeit\\\/#primaryimage\",\"url\":\"https:\\\/\\\/www.multigas.ch\\\/wp-content\\\/uploads\\\/2018\\\/01\\\/service-tracabilite-multigas.jpg\",\"contentUrl\":\"https:\\\/\\\/www.multigas.ch\\\/wp-content\\\/uploads\\\/2018\\\/01\\\/service-tracabilite-multigas.jpg\",\"width\":1400,\"height\":650,\"caption\":\"R\u00fcckverfolgbarkeit des Produkts\"},{\"@type\":\"BreadcrumbList\",\"@id\":\"https:\\\/\\\/www.multigas.ch\\\/de\\\/dienstleistungen\\\/ruckverfolgbarkeit\\\/#breadcrumb\",\"itemListElement\":[{\"@type\":\"ListItem\",\"position\":1,\"name\":\"Zuhause\",\"item\":\"https:\\\/\\\/www.multigas.ch\\\/de\\\/\"},{\"@type\":\"ListItem\",\"position\":2,\"name\":\"Dienstleistungen\",\"item\":\"https:\\\/\\\/www.multigas.ch\\\/de\\\/dienstleistungen\\\/\"},{\"@type\":\"ListItem\",\"position\":3,\"name\":\"R\u00fcckverfolgbarkeit\"}]},{\"@type\":\"WebSite\",\"@id\":\"https:\\\/\\\/www.multigas.ch\\\/#website\",\"url\":\"https:\\\/\\\/www.multigas.ch\\\/\",\"name\":\"Multigas\",\"description\":\"Fournisseur de Gaz sp\u00e9ciaux en Suisse\",\"potentialAction\":[{\"@type\":\"SearchAction\",\"target\":{\"@type\":\"EntryPoint\",\"urlTemplate\":\"https:\\\/\\\/www.multigas.ch\\\/?s={search_term_string}\"},\"query-input\":{\"@type\":\"PropertyValueSpecification\",\"valueRequired\":true,\"valueName\":\"search_term_string\"}}],\"inLanguage\":\"de\"}]}<\/script>\n<!-- \/ Yoast SEO plugin. -->","yoast_head_json":{"title":"R\u00fcckverfolgbarkeit der ausgelieferten Flaschen - Multigas","description":"Unsere eigenen Gebinde und auch die Gebinde unserer Vertriebspartner werden alle \u00fcber die Barcodes, mit denen jedes Gebinde gekennzeichnet ist, nachverfolgt. \u00dcber ein umfassendes Verwaltungssystem k\u00f6nnen wir so alle Beh\u00e4lter vollst\u00e4ndig nachverfolgen.","robots":{"index":"index","follow":"follow","max-snippet":"max-snippet:-1","max-image-preview":"max-image-preview:large","max-video-preview":"max-video-preview:-1"},"canonical":"https:\/\/www.multigas.ch\/de\/dienstleistungen\/ruckverfolgbarkeit\/","og_locale":"de_DE","og_type":"article","og_title":"R\u00fcckverfolgbarkeit der ausgelieferten Flaschen - Multigas","og_description":"Unsere eigenen Gebinde und auch die Gebinde unserer Vertriebspartner werden alle \u00fcber die Barcodes, mit denen jedes Gebinde gekennzeichnet ist, nachverfolgt. \u00dcber ein umfassendes Verwaltungssystem k\u00f6nnen wir so alle Beh\u00e4lter vollst\u00e4ndig nachverfolgen.","og_url":"https:\/\/www.multigas.ch\/de\/dienstleistungen\/ruckverfolgbarkeit\/","og_site_name":"Multigas","article_modified_time":"2018-08-06T08:35:59+00:00","og_image":[{"width":1400,"height":650,"url":"https:\/\/www.multigas.ch\/wp-content\/uploads\/2018\/01\/service-tracabilite-multigas.jpg","type":"image\/jpeg"}],"twitter_card":"summary_large_image","schema":{"@context":"https:\/\/schema.org","@graph":[{"@type":"WebPage","@id":"https:\/\/www.multigas.ch\/de\/dienstleistungen\/ruckverfolgbarkeit\/","url":"https:\/\/www.multigas.ch\/de\/dienstleistungen\/ruckverfolgbarkeit\/","name":"R\u00fcckverfolgbarkeit der ausgelieferten Flaschen - Multigas","isPartOf":{"@id":"https:\/\/www.multigas.ch\/#website"},"primaryImageOfPage":{"@id":"https:\/\/www.multigas.ch\/de\/dienstleistungen\/ruckverfolgbarkeit\/#primaryimage"},"image":{"@id":"https:\/\/www.multigas.ch\/de\/dienstleistungen\/ruckverfolgbarkeit\/#primaryimage"},"thumbnailUrl":"https:\/\/www.multigas.ch\/wp-content\/uploads\/2018\/01\/service-tracabilite-multigas.jpg","datePublished":"2018-03-05T09:51:21+00:00","dateModified":"2018-08-06T08:35:59+00:00","description":"Unsere eigenen Gebinde und auch die Gebinde unserer Vertriebspartner werden alle \u00fcber die Barcodes, mit denen jedes Gebinde gekennzeichnet ist, nachverfolgt. \u00dcber ein umfassendes Verwaltungssystem k\u00f6nnen wir so alle Beh\u00e4lter vollst\u00e4ndig nachverfolgen.","breadcrumb":{"@id":"https:\/\/www.multigas.ch\/de\/dienstleistungen\/ruckverfolgbarkeit\/#breadcrumb"},"inLanguage":"de","potentialAction":[{"@type":"ReadAction","target":["https:\/\/www.multigas.ch\/de\/dienstleistungen\/ruckverfolgbarkeit\/"]}]},{"@type":"ImageObject","inLanguage":"de","@id":"https:\/\/www.multigas.ch\/de\/dienstleistungen\/ruckverfolgbarkeit\/#primaryimage","url":"https:\/\/www.multigas.ch\/wp-content\/uploads\/2018\/01\/service-tracabilite-multigas.jpg","contentUrl":"https:\/\/www.multigas.ch\/wp-content\/uploads\/2018\/01\/service-tracabilite-multigas.jpg","width":1400,"height":650,"caption":"R\u00fcckverfolgbarkeit des Produkts"},{"@type":"BreadcrumbList","@id":"https:\/\/www.multigas.ch\/de\/dienstleistungen\/ruckverfolgbarkeit\/#breadcrumb","itemListElement":[{"@type":"ListItem","position":1,"name":"Zuhause","item":"https:\/\/www.multigas.ch\/de\/"},{"@type":"ListItem","position":2,"name":"Dienstleistungen","item":"https:\/\/www.multigas.ch\/de\/dienstleistungen\/"},{"@type":"ListItem","position":3,"name":"R\u00fcckverfolgbarkeit"}]},{"@type":"WebSite","@id":"https:\/\/www.multigas.ch\/#website","url":"https:\/\/www.multigas.ch\/","name":"Multigas","description":"Fournisseur de Gaz sp\u00e9ciaux en Suisse","potentialAction":[{"@type":"SearchAction","target":{"@type":"EntryPoint","urlTemplate":"https:\/\/www.multigas.ch\/?s={search_term_string}"},"query-input":{"@type":"PropertyValueSpecification","valueRequired":true,"valueName":"search_term_string"}}],"inLanguage":"de"}]}},"_links":{"self":[{"href":"https:\/\/www.multigas.ch\/de\/wp-json\/wp\/v2\/pages\/640","targetHints":{"allow":["GET"]}}],"collection":[{"href":"https:\/\/www.multigas.ch\/de\/wp-json\/wp\/v2\/pages"}],"about":[{"href":"https:\/\/www.multigas.ch\/de\/wp-json\/wp\/v2\/types\/page"}],"author":[{"embeddable":true,"href":"https:\/\/www.multigas.ch\/de\/wp-json\/wp\/v2\/users\/1"}],"replies":[{"embeddable":true,"href":"https:\/\/www.multigas.ch\/de\/wp-json\/wp\/v2\/comments?post=640"}],"version-history":[{"count":0,"href":"https:\/\/www.multigas.ch\/de\/wp-json\/wp\/v2\/pages\/640\/revisions"}],"up":[{"embeddable":true,"href":"https:\/\/www.multigas.ch\/de\/wp-json\/wp\/v2\/pages\/637"}],"wp:featuredmedia":[{"embeddable":true,"href":"https:\/\/www.multigas.ch\/de\/wp-json\/wp\/v2\/media\/1101"}],"wp:attachment":[{"href":"https:\/\/www.multigas.ch\/de\/wp-json\/wp\/v2\/media?parent=640"}],"curies":[{"name":"wp","href":"https:\/\/api.w.org\/{rel}","templated":true}]}}