{"id":638,"date":"2018-03-05T10:51:20","date_gmt":"2018-03-05T09:51:20","guid":{"rendered":"https:\/\/www.multigas.ch\/dienstleistungen\/engineering\/"},"modified":"2018-08-06T10:35:43","modified_gmt":"2018-08-06T08:35:43","slug":"engineering","status":"publish","type":"page","link":"https:\/\/www.multigas.ch\/de\/dienstleistungen\/engineering\/","title":{"rendered":"Engineering"},"content":{"rendered":"<p>Eine Strahlanlage, eine Werkstatt zum Lackieren und zum B\u00fcrsten der Flaschen sowie zum Anbringen der Ventile und ein Pr\u00fcfstand erm\u00f6glichen es uns, unsere eigenen Flaschen und Beh\u00e4lter f\u00fcr NH<sub>3<\/sub> und auch die Beh\u00e4lter und Flaschen unserer Kunden f\u00fcr die wiederkehrenden Pr\u00fcfungen vorzubereiten.<\/p>\n<p>&nbsp;<\/p>\n<p>S\u00e4mtliche Beh\u00e4lter werden durch offizielle Stellen, d. h. je nach Herkunft und Status durch die SWISS TS Technical Services AG oder durch die DEKRA, gepr\u00fcft.<\/p>\n<p>\nWir garantieren die Reinheit unseres Ammoniaks mit 99,99 % durch unser Analytiklabor.<\/p>\n","protected":false},"excerpt":{"rendered":"<p>Eine Strahlanlage, eine Werkstatt zum Lackieren und zum B\u00fcrsten der Flaschen sowie zum Anbringen der Ventile und ein Pr\u00fcfstand erm\u00f6glichen es uns, unsere eigenen Flaschen und Beh\u00e4lter f\u00fcr NH3 und auch die Beh\u00e4lter und Flaschen unserer Kunden f\u00fcr die wiederkehrenden Pr\u00fcfungen vorzubereiten. &nbsp; S\u00e4mtliche Beh\u00e4lter werden durch offizielle Stellen, d. h. je nach Herkunft und [&hellip;]<\/p>\n","protected":false},"author":1,"featured_media":1089,"parent":637,"menu_order":1,"comment_status":"closed","ping_status":"closed","template":"","meta":{"_acf_changed":false,"footnotes":""},"class_list":["post-638","page","type-page","status-publish","has-post-thumbnail","hentry"],"acf":[],"yoast_head":"<!-- This site is optimized with the Yoast SEO plugin v27.3 - https:\/\/yoast.com\/product\/yoast-seo-wordpress\/ -->\n<title>Multigas-Dienstleistungen im Anlagen-\/Engineering-Bereich<\/title>\n<meta name=\"description\" content=\"Eine Strahlanlage, eine Werkstatt zum Lackieren und zum B\u00fcrsten der Flaschen sowie zum Anbringen der Ventile und ein Pr\u00fcfstand erm\u00f6glichen es uns, unsere eigenen Flaschen und Beh\u00e4lter f\u00fcr NH3 und auch die Beh\u00e4lter und Flaschen unserer Kunden f\u00fcr die wiederkehrenden Pr\u00fcfungen vorzubereiten.\" \/>\n<meta name=\"robots\" content=\"index, follow, max-snippet:-1, max-image-preview:large, max-video-preview:-1\" \/>\n<link rel=\"canonical\" href=\"https:\/\/www.multigas.ch\/de\/dienstleistungen\/engineering\/\" \/>\n<meta property=\"og:locale\" content=\"de_DE\" \/>\n<meta property=\"og:type\" content=\"article\" \/>\n<meta property=\"og:title\" content=\"Multigas-Dienstleistungen im Anlagen-\/Engineering-Bereich\" \/>\n<meta property=\"og:description\" content=\"Eine Strahlanlage, eine Werkstatt zum Lackieren und zum B\u00fcrsten der Flaschen sowie zum Anbringen der Ventile und ein Pr\u00fcfstand erm\u00f6glichen es uns, unsere eigenen Flaschen und Beh\u00e4lter f\u00fcr NH3 und auch die Beh\u00e4lter und Flaschen unserer Kunden f\u00fcr die wiederkehrenden Pr\u00fcfungen vorzubereiten.\" \/>\n<meta property=\"og:url\" content=\"https:\/\/www.multigas.ch\/de\/dienstleistungen\/engineering\/\" \/>\n<meta property=\"og:site_name\" content=\"Multigas\" \/>\n<meta property=\"article:modified_time\" content=\"2018-08-06T08:35:43+00:00\" \/>\n<meta property=\"og:image\" content=\"https:\/\/www.multigas.ch\/wp-content\/uploads\/2018\/01\/multigas-sa-engineering.jpg\" \/>\n\t<meta property=\"og:image:width\" content=\"1400\" \/>\n\t<meta property=\"og:image:height\" content=\"650\" \/>\n\t<meta property=\"og:image:type\" content=\"image\/jpeg\" \/>\n<meta name=\"twitter:card\" content=\"summary_large_image\" \/>\n<script type=\"application\/ld+json\" class=\"yoast-schema-graph\">{\"@context\":\"https:\\\/\\\/schema.org\",\"@graph\":[{\"@type\":\"WebPage\",\"@id\":\"https:\\\/\\\/www.multigas.ch\\\/de\\\/dienstleistungen\\\/engineering\\\/\",\"url\":\"https:\\\/\\\/www.multigas.ch\\\/de\\\/dienstleistungen\\\/engineering\\\/\",\"name\":\"Multigas-Dienstleistungen im Anlagen-\\\/Engineering-Bereich\",\"isPartOf\":{\"@id\":\"https:\\\/\\\/www.multigas.ch\\\/#website\"},\"primaryImageOfPage\":{\"@id\":\"https:\\\/\\\/www.multigas.ch\\\/de\\\/dienstleistungen\\\/engineering\\\/#primaryimage\"},\"image\":{\"@id\":\"https:\\\/\\\/www.multigas.ch\\\/de\\\/dienstleistungen\\\/engineering\\\/#primaryimage\"},\"thumbnailUrl\":\"https:\\\/\\\/www.multigas.ch\\\/wp-content\\\/uploads\\\/2018\\\/01\\\/multigas-sa-engineering.jpg\",\"datePublished\":\"2018-03-05T09:51:20+00:00\",\"dateModified\":\"2018-08-06T08:35:43+00:00\",\"description\":\"Eine Strahlanlage, eine Werkstatt zum Lackieren und zum B\u00fcrsten der Flaschen sowie zum Anbringen der Ventile und ein Pr\u00fcfstand erm\u00f6glichen es uns, unsere eigenen Flaschen und Beh\u00e4lter f\u00fcr NH3 und auch die Beh\u00e4lter und Flaschen unserer Kunden f\u00fcr die wiederkehrenden Pr\u00fcfungen vorzubereiten.\",\"breadcrumb\":{\"@id\":\"https:\\\/\\\/www.multigas.ch\\\/de\\\/dienstleistungen\\\/engineering\\\/#breadcrumb\"},\"inLanguage\":\"de\",\"potentialAction\":[{\"@type\":\"ReadAction\",\"target\":[\"https:\\\/\\\/www.multigas.ch\\\/de\\\/dienstleistungen\\\/engineering\\\/\"]}]},{\"@type\":\"ImageObject\",\"inLanguage\":\"de\",\"@id\":\"https:\\\/\\\/www.multigas.ch\\\/de\\\/dienstleistungen\\\/engineering\\\/#primaryimage\",\"url\":\"https:\\\/\\\/www.multigas.ch\\\/wp-content\\\/uploads\\\/2018\\\/01\\\/multigas-sa-engineering.jpg\",\"contentUrl\":\"https:\\\/\\\/www.multigas.ch\\\/wp-content\\\/uploads\\\/2018\\\/01\\\/multigas-sa-engineering.jpg\",\"width\":1400,\"height\":650,\"caption\":\"Engineering Multigas Schweiz\"},{\"@type\":\"BreadcrumbList\",\"@id\":\"https:\\\/\\\/www.multigas.ch\\\/de\\\/dienstleistungen\\\/engineering\\\/#breadcrumb\",\"itemListElement\":[{\"@type\":\"ListItem\",\"position\":1,\"name\":\"Zuhause\",\"item\":\"https:\\\/\\\/www.multigas.ch\\\/de\\\/\"},{\"@type\":\"ListItem\",\"position\":2,\"name\":\"Dienstleistungen\",\"item\":\"https:\\\/\\\/www.multigas.ch\\\/de\\\/dienstleistungen\\\/\"},{\"@type\":\"ListItem\",\"position\":3,\"name\":\"Engineering\"}]},{\"@type\":\"WebSite\",\"@id\":\"https:\\\/\\\/www.multigas.ch\\\/#website\",\"url\":\"https:\\\/\\\/www.multigas.ch\\\/\",\"name\":\"Multigas\",\"description\":\"Fournisseur de Gaz sp\u00e9ciaux en Suisse\",\"potentialAction\":[{\"@type\":\"SearchAction\",\"target\":{\"@type\":\"EntryPoint\",\"urlTemplate\":\"https:\\\/\\\/www.multigas.ch\\\/?s={search_term_string}\"},\"query-input\":{\"@type\":\"PropertyValueSpecification\",\"valueRequired\":true,\"valueName\":\"search_term_string\"}}],\"inLanguage\":\"de\"}]}<\/script>\n<!-- \/ Yoast SEO plugin. -->","yoast_head_json":{"title":"Multigas-Dienstleistungen im Anlagen-\/Engineering-Bereich","description":"Eine Strahlanlage, eine Werkstatt zum Lackieren und zum B\u00fcrsten der Flaschen sowie zum Anbringen der Ventile und ein Pr\u00fcfstand erm\u00f6glichen es uns, unsere eigenen Flaschen und Beh\u00e4lter f\u00fcr NH3 und auch die Beh\u00e4lter und Flaschen unserer Kunden f\u00fcr die wiederkehrenden Pr\u00fcfungen vorzubereiten.","robots":{"index":"index","follow":"follow","max-snippet":"max-snippet:-1","max-image-preview":"max-image-preview:large","max-video-preview":"max-video-preview:-1"},"canonical":"https:\/\/www.multigas.ch\/de\/dienstleistungen\/engineering\/","og_locale":"de_DE","og_type":"article","og_title":"Multigas-Dienstleistungen im Anlagen-\/Engineering-Bereich","og_description":"Eine Strahlanlage, eine Werkstatt zum Lackieren und zum B\u00fcrsten der Flaschen sowie zum Anbringen der Ventile und ein Pr\u00fcfstand erm\u00f6glichen es uns, unsere eigenen Flaschen und Beh\u00e4lter f\u00fcr NH3 und auch die Beh\u00e4lter und Flaschen unserer Kunden f\u00fcr die wiederkehrenden Pr\u00fcfungen vorzubereiten.","og_url":"https:\/\/www.multigas.ch\/de\/dienstleistungen\/engineering\/","og_site_name":"Multigas","article_modified_time":"2018-08-06T08:35:43+00:00","og_image":[{"width":1400,"height":650,"url":"https:\/\/www.multigas.ch\/wp-content\/uploads\/2018\/01\/multigas-sa-engineering.jpg","type":"image\/jpeg"}],"twitter_card":"summary_large_image","schema":{"@context":"https:\/\/schema.org","@graph":[{"@type":"WebPage","@id":"https:\/\/www.multigas.ch\/de\/dienstleistungen\/engineering\/","url":"https:\/\/www.multigas.ch\/de\/dienstleistungen\/engineering\/","name":"Multigas-Dienstleistungen im Anlagen-\/Engineering-Bereich","isPartOf":{"@id":"https:\/\/www.multigas.ch\/#website"},"primaryImageOfPage":{"@id":"https:\/\/www.multigas.ch\/de\/dienstleistungen\/engineering\/#primaryimage"},"image":{"@id":"https:\/\/www.multigas.ch\/de\/dienstleistungen\/engineering\/#primaryimage"},"thumbnailUrl":"https:\/\/www.multigas.ch\/wp-content\/uploads\/2018\/01\/multigas-sa-engineering.jpg","datePublished":"2018-03-05T09:51:20+00:00","dateModified":"2018-08-06T08:35:43+00:00","description":"Eine Strahlanlage, eine Werkstatt zum Lackieren und zum B\u00fcrsten der Flaschen sowie zum Anbringen der Ventile und ein Pr\u00fcfstand erm\u00f6glichen es uns, unsere eigenen Flaschen und Beh\u00e4lter f\u00fcr NH3 und auch die Beh\u00e4lter und Flaschen unserer Kunden f\u00fcr die wiederkehrenden Pr\u00fcfungen vorzubereiten.","breadcrumb":{"@id":"https:\/\/www.multigas.ch\/de\/dienstleistungen\/engineering\/#breadcrumb"},"inLanguage":"de","potentialAction":[{"@type":"ReadAction","target":["https:\/\/www.multigas.ch\/de\/dienstleistungen\/engineering\/"]}]},{"@type":"ImageObject","inLanguage":"de","@id":"https:\/\/www.multigas.ch\/de\/dienstleistungen\/engineering\/#primaryimage","url":"https:\/\/www.multigas.ch\/wp-content\/uploads\/2018\/01\/multigas-sa-engineering.jpg","contentUrl":"https:\/\/www.multigas.ch\/wp-content\/uploads\/2018\/01\/multigas-sa-engineering.jpg","width":1400,"height":650,"caption":"Engineering Multigas Schweiz"},{"@type":"BreadcrumbList","@id":"https:\/\/www.multigas.ch\/de\/dienstleistungen\/engineering\/#breadcrumb","itemListElement":[{"@type":"ListItem","position":1,"name":"Zuhause","item":"https:\/\/www.multigas.ch\/de\/"},{"@type":"ListItem","position":2,"name":"Dienstleistungen","item":"https:\/\/www.multigas.ch\/de\/dienstleistungen\/"},{"@type":"ListItem","position":3,"name":"Engineering"}]},{"@type":"WebSite","@id":"https:\/\/www.multigas.ch\/#website","url":"https:\/\/www.multigas.ch\/","name":"Multigas","description":"Fournisseur de Gaz sp\u00e9ciaux en Suisse","potentialAction":[{"@type":"SearchAction","target":{"@type":"EntryPoint","urlTemplate":"https:\/\/www.multigas.ch\/?s={search_term_string}"},"query-input":{"@type":"PropertyValueSpecification","valueRequired":true,"valueName":"search_term_string"}}],"inLanguage":"de"}]}},"_links":{"self":[{"href":"https:\/\/www.multigas.ch\/de\/wp-json\/wp\/v2\/pages\/638","targetHints":{"allow":["GET"]}}],"collection":[{"href":"https:\/\/www.multigas.ch\/de\/wp-json\/wp\/v2\/pages"}],"about":[{"href":"https:\/\/www.multigas.ch\/de\/wp-json\/wp\/v2\/types\/page"}],"author":[{"embeddable":true,"href":"https:\/\/www.multigas.ch\/de\/wp-json\/wp\/v2\/users\/1"}],"replies":[{"embeddable":true,"href":"https:\/\/www.multigas.ch\/de\/wp-json\/wp\/v2\/comments?post=638"}],"version-history":[{"count":0,"href":"https:\/\/www.multigas.ch\/de\/wp-json\/wp\/v2\/pages\/638\/revisions"}],"up":[{"embeddable":true,"href":"https:\/\/www.multigas.ch\/de\/wp-json\/wp\/v2\/pages\/637"}],"wp:featuredmedia":[{"embeddable":true,"href":"https:\/\/www.multigas.ch\/de\/wp-json\/wp\/v2\/media\/1089"}],"wp:attachment":[{"href":"https:\/\/www.multigas.ch\/de\/wp-json\/wp\/v2\/media?parent=638"}],"curies":[{"name":"wp","href":"https:\/\/api.w.org\/{rel}","templated":true}]}}