{"id":634,"date":"2018-03-05T10:51:14","date_gmt":"2018-03-05T09:51:14","guid":{"rendered":"https:\/\/www.multigas.ch\/produkte\/spezialgase\/"},"modified":"2018-08-06T10:34:24","modified_gmt":"2018-08-06T08:34:24","slug":"spezialgase","status":"publish","type":"page","link":"https:\/\/www.multigas.ch\/de\/produkte\/spezialgase\/","title":{"rendered":"Spezialgase"},"content":{"rendered":"<p>Es handelt sich um spezielle Gasmolek\u00fcle f\u00fcr die Verwendung im technischen und wissenschaftlichen Bereich. Wir bieten eine breite Auswahl an reinen und hochreinen Gasen und Gasgemischen als gasf\u00f6rmige oder verfl\u00fcssigte Produkte an. Diese Gasmolek\u00fcle werden in speziellen Gaswerken aufbereitet und von Multigas f\u00fcr den schweizerischen und europ\u00e4ischen Markt importiert und hier vertrieben.<\/p>\n<p>&nbsp;<\/p>\n<p>Auf Anfrage k\u00f6nnen wir unseren Kunden individuelle Gasgemische liefern und die hohen Reinheitsgrade durch entsprechende Zertifikate best\u00e4tigen.<\/p>\n<p>&nbsp;<\/p>\n","protected":false},"excerpt":{"rendered":"<p>Es handelt sich um spezielle Gasmolek\u00fcle f\u00fcr die Verwendung im technischen und wissenschaftlichen Bereich. Wir bieten eine breite Auswahl an reinen und hochreinen Gasen und Gasgemischen als gasf\u00f6rmige oder verfl\u00fcssigte Produkte an. Diese Gasmolek\u00fcle werden in speziellen Gaswerken aufbereitet und von Multigas f\u00fcr den schweizerischen und europ\u00e4ischen Markt importiert und hier vertrieben. &nbsp; Auf Anfrage [&hellip;]<\/p>\n","protected":false},"author":1,"featured_media":0,"parent":631,"menu_order":3,"comment_status":"closed","ping_status":"closed","template":"template-gazspeciaux.php","meta":{"_acf_changed":false,"footnotes":""},"class_list":["post-634","page","type-page","status-publish","hentry"],"acf":[],"yoast_head":"<!-- This site is optimized with the Yoast SEO plugin v27.3 - https:\/\/yoast.com\/product\/yoast-seo-wordpress\/ -->\n<title>Vertrieb von Spezialgasen - Multigas SA<\/title>\n<meta name=\"description\" content=\"Wir bieten eine breite Auswahl an reinen und hochreinen Gasen und Gasgemischen als gasf\u00f6rmige oder verfl\u00fcssigte Produkte an. Diese Gasmolek\u00fcle werden in speziellen Gaswerken aufbereitet und von Multigas f\u00fcr den schweizerischen und europ\u00e4ischen Markt importiert und hier vertrieben.\" \/>\n<meta name=\"robots\" content=\"index, follow, max-snippet:-1, max-image-preview:large, max-video-preview:-1\" \/>\n<link rel=\"canonical\" href=\"https:\/\/www.multigas.ch\/de\/produkte\/spezialgase\/\" \/>\n<meta property=\"og:locale\" content=\"de_DE\" \/>\n<meta property=\"og:type\" content=\"article\" \/>\n<meta property=\"og:title\" content=\"Vertrieb von Spezialgasen - Multigas SA\" \/>\n<meta property=\"og:description\" content=\"Wir bieten eine breite Auswahl an reinen und hochreinen Gasen und Gasgemischen als gasf\u00f6rmige oder verfl\u00fcssigte Produkte an. Diese Gasmolek\u00fcle werden in speziellen Gaswerken aufbereitet und von Multigas f\u00fcr den schweizerischen und europ\u00e4ischen Markt importiert und hier vertrieben.\" \/>\n<meta property=\"og:url\" content=\"https:\/\/www.multigas.ch\/de\/produkte\/spezialgase\/\" \/>\n<meta property=\"og:site_name\" content=\"Multigas\" \/>\n<meta property=\"article:modified_time\" content=\"2018-08-06T08:34:24+00:00\" \/>\n<meta name=\"twitter:card\" content=\"summary_large_image\" \/>\n<script type=\"application\/ld+json\" class=\"yoast-schema-graph\">{\"@context\":\"https:\\\/\\\/schema.org\",\"@graph\":[{\"@type\":\"WebPage\",\"@id\":\"https:\\\/\\\/www.multigas.ch\\\/de\\\/produkte\\\/spezialgase\\\/\",\"url\":\"https:\\\/\\\/www.multigas.ch\\\/de\\\/produkte\\\/spezialgase\\\/\",\"name\":\"Vertrieb von Spezialgasen - Multigas SA\",\"isPartOf\":{\"@id\":\"https:\\\/\\\/www.multigas.ch\\\/#website\"},\"datePublished\":\"2018-03-05T09:51:14+00:00\",\"dateModified\":\"2018-08-06T08:34:24+00:00\",\"description\":\"Wir bieten eine breite Auswahl an reinen und hochreinen Gasen und Gasgemischen als gasf\u00f6rmige oder verfl\u00fcssigte Produkte an. Diese Gasmolek\u00fcle werden in speziellen Gaswerken aufbereitet und von Multigas f\u00fcr den schweizerischen und europ\u00e4ischen Markt importiert und hier vertrieben.\",\"breadcrumb\":{\"@id\":\"https:\\\/\\\/www.multigas.ch\\\/de\\\/produkte\\\/spezialgase\\\/#breadcrumb\"},\"inLanguage\":\"de\",\"potentialAction\":[{\"@type\":\"ReadAction\",\"target\":[\"https:\\\/\\\/www.multigas.ch\\\/de\\\/produkte\\\/spezialgase\\\/\"]}]},{\"@type\":\"BreadcrumbList\",\"@id\":\"https:\\\/\\\/www.multigas.ch\\\/de\\\/produkte\\\/spezialgase\\\/#breadcrumb\",\"itemListElement\":[{\"@type\":\"ListItem\",\"position\":1,\"name\":\"Zuhause\",\"item\":\"https:\\\/\\\/www.multigas.ch\\\/de\\\/\"},{\"@type\":\"ListItem\",\"position\":2,\"name\":\"Produkte\",\"item\":\"https:\\\/\\\/www.multigas.ch\\\/de\\\/produkte\\\/\"},{\"@type\":\"ListItem\",\"position\":3,\"name\":\"Spezialgase\"}]},{\"@type\":\"WebSite\",\"@id\":\"https:\\\/\\\/www.multigas.ch\\\/#website\",\"url\":\"https:\\\/\\\/www.multigas.ch\\\/\",\"name\":\"Multigas\",\"description\":\"Fournisseur de Gaz sp\u00e9ciaux en Suisse\",\"potentialAction\":[{\"@type\":\"SearchAction\",\"target\":{\"@type\":\"EntryPoint\",\"urlTemplate\":\"https:\\\/\\\/www.multigas.ch\\\/?s={search_term_string}\"},\"query-input\":{\"@type\":\"PropertyValueSpecification\",\"valueRequired\":true,\"valueName\":\"search_term_string\"}}],\"inLanguage\":\"de\"}]}<\/script>\n<!-- \/ Yoast SEO plugin. -->","yoast_head_json":{"title":"Vertrieb von Spezialgasen - Multigas SA","description":"Wir bieten eine breite Auswahl an reinen und hochreinen Gasen und Gasgemischen als gasf\u00f6rmige oder verfl\u00fcssigte Produkte an. Diese Gasmolek\u00fcle werden in speziellen Gaswerken aufbereitet und von Multigas f\u00fcr den schweizerischen und europ\u00e4ischen Markt importiert und hier vertrieben.","robots":{"index":"index","follow":"follow","max-snippet":"max-snippet:-1","max-image-preview":"max-image-preview:large","max-video-preview":"max-video-preview:-1"},"canonical":"https:\/\/www.multigas.ch\/de\/produkte\/spezialgase\/","og_locale":"de_DE","og_type":"article","og_title":"Vertrieb von Spezialgasen - Multigas SA","og_description":"Wir bieten eine breite Auswahl an reinen und hochreinen Gasen und Gasgemischen als gasf\u00f6rmige oder verfl\u00fcssigte Produkte an. Diese Gasmolek\u00fcle werden in speziellen Gaswerken aufbereitet und von Multigas f\u00fcr den schweizerischen und europ\u00e4ischen Markt importiert und hier vertrieben.","og_url":"https:\/\/www.multigas.ch\/de\/produkte\/spezialgase\/","og_site_name":"Multigas","article_modified_time":"2018-08-06T08:34:24+00:00","twitter_card":"summary_large_image","schema":{"@context":"https:\/\/schema.org","@graph":[{"@type":"WebPage","@id":"https:\/\/www.multigas.ch\/de\/produkte\/spezialgase\/","url":"https:\/\/www.multigas.ch\/de\/produkte\/spezialgase\/","name":"Vertrieb von Spezialgasen - Multigas SA","isPartOf":{"@id":"https:\/\/www.multigas.ch\/#website"},"datePublished":"2018-03-05T09:51:14+00:00","dateModified":"2018-08-06T08:34:24+00:00","description":"Wir bieten eine breite Auswahl an reinen und hochreinen Gasen und Gasgemischen als gasf\u00f6rmige oder verfl\u00fcssigte Produkte an. Diese Gasmolek\u00fcle werden in speziellen Gaswerken aufbereitet und von Multigas f\u00fcr den schweizerischen und europ\u00e4ischen Markt importiert und hier vertrieben.","breadcrumb":{"@id":"https:\/\/www.multigas.ch\/de\/produkte\/spezialgase\/#breadcrumb"},"inLanguage":"de","potentialAction":[{"@type":"ReadAction","target":["https:\/\/www.multigas.ch\/de\/produkte\/spezialgase\/"]}]},{"@type":"BreadcrumbList","@id":"https:\/\/www.multigas.ch\/de\/produkte\/spezialgase\/#breadcrumb","itemListElement":[{"@type":"ListItem","position":1,"name":"Zuhause","item":"https:\/\/www.multigas.ch\/de\/"},{"@type":"ListItem","position":2,"name":"Produkte","item":"https:\/\/www.multigas.ch\/de\/produkte\/"},{"@type":"ListItem","position":3,"name":"Spezialgase"}]},{"@type":"WebSite","@id":"https:\/\/www.multigas.ch\/#website","url":"https:\/\/www.multigas.ch\/","name":"Multigas","description":"Fournisseur de Gaz sp\u00e9ciaux en Suisse","potentialAction":[{"@type":"SearchAction","target":{"@type":"EntryPoint","urlTemplate":"https:\/\/www.multigas.ch\/?s={search_term_string}"},"query-input":{"@type":"PropertyValueSpecification","valueRequired":true,"valueName":"search_term_string"}}],"inLanguage":"de"}]}},"_links":{"self":[{"href":"https:\/\/www.multigas.ch\/de\/wp-json\/wp\/v2\/pages\/634","targetHints":{"allow":["GET"]}}],"collection":[{"href":"https:\/\/www.multigas.ch\/de\/wp-json\/wp\/v2\/pages"}],"about":[{"href":"https:\/\/www.multigas.ch\/de\/wp-json\/wp\/v2\/types\/page"}],"author":[{"embeddable":true,"href":"https:\/\/www.multigas.ch\/de\/wp-json\/wp\/v2\/users\/1"}],"replies":[{"embeddable":true,"href":"https:\/\/www.multigas.ch\/de\/wp-json\/wp\/v2\/comments?post=634"}],"version-history":[{"count":0,"href":"https:\/\/www.multigas.ch\/de\/wp-json\/wp\/v2\/pages\/634\/revisions"}],"up":[{"embeddable":true,"href":"https:\/\/www.multigas.ch\/de\/wp-json\/wp\/v2\/pages\/631"}],"wp:attachment":[{"href":"https:\/\/www.multigas.ch\/de\/wp-json\/wp\/v2\/media?parent=634"}],"curies":[{"name":"wp","href":"https:\/\/api.w.org\/{rel}","templated":true}]}}