{"id":633,"date":"2018-03-05T10:51:06","date_gmt":"2018-03-05T09:51:06","guid":{"rendered":"https:\/\/www.multigas.ch\/produkte\/propan\/"},"modified":"2022-11-07T13:47:50","modified_gmt":"2022-11-07T12:47:50","slug":"propan","status":"publish","type":"page","link":"https:\/\/www.multigas.ch\/de\/produkte\/propan\/","title":{"rendered":"Propan"},"content":{"rendered":"<p>\u00dcber ein Netz aus 100 H\u00e4ndlern wird fl\u00fcssiges Propangas (LPG) in Flaschen in der Schweiz angeboten.<\/p>\n<p>&nbsp;<\/p>\n<p>Diese Produktl\u00f6sung hat sich insbesondere im Freizeitbereich, im Hotel- und Gastst\u00e4ttengewerbe oder auch f\u00fcr die Beheizung von Baustellen durchgesetzt.<\/p>\n<p><a class=\"scrollpage\" href=\"#cartepropane\">Finden Sie hier Ihren H\u00e4ndler f\u00fcr Propan in der Schweiz<\/a><\/p>\n<p>&nbsp;<\/p>\n<p>Multigas ist Mitglied in der Eidgen\u00f6ssischen Koordinationskommission f\u00fcr Arbeitssicherheit (EKAS), welche die <a href=\"http:\/\/www.ekas.admin.ch\/index-fr.php?frameset=34&amp;searchcategory=2&amp;page=519&amp;detail=65\" target=\"_blank\" rel=\"noopener noreferrer\">Richtlinien f\u00fcr die Lagerung und die Handhabung von Ammoniak<\/a> erstellt. Das Unternehmen ist auch Partner von <a href=\"http:\/\/www.bto-shop.ch\/\" target=\"_blank\" rel=\"noopener noreferrer\">Blaser &amp; Tr\u00f6sch<\/a>.<\/p>\n","protected":false},"excerpt":{"rendered":"<p>\u00dcber ein Netz aus 100 H\u00e4ndlern wird fl\u00fcssiges Propangas (LPG) in Flaschen in der Schweiz angeboten. &nbsp; Diese Produktl\u00f6sung hat sich insbesondere im Freizeitbereich, im Hotel- und Gastst\u00e4ttengewerbe oder auch f\u00fcr die Beheizung von Baustellen durchgesetzt. Finden Sie hier Ihren H\u00e4ndler f\u00fcr Propan in der Schweiz &nbsp; Multigas ist Mitglied in der Eidgen\u00f6ssischen Koordinationskommission f\u00fcr [&hellip;]<\/p>\n","protected":false},"author":1,"featured_media":0,"parent":631,"menu_order":2,"comment_status":"closed","ping_status":"closed","template":"template-propane.php","meta":{"_acf_changed":false,"footnotes":""},"class_list":["post-633","page","type-page","status-publish","hentry"],"acf":[],"yoast_head":"<!-- This site is optimized with the Yoast SEO plugin v27.3 - https:\/\/yoast.com\/product\/yoast-seo-wordpress\/ -->\n<title>Vertrieb von fl\u00fcssigem Propangas (LPG) in Flaschen in der Schweiz - Multigas<\/title>\n<meta name=\"description\" content=\"\u00dcber ein Netz aus 100 H\u00e4ndlern wird fl\u00fcssiges Propangas (LPG) in Flaschen in der Schweiz angeboten. Hier finden Sie weitere Einzelheiten zu den Produkten, die wir vertreiben, sowie die Karte mit unseren Vertriebspartnern. Online-Angebotsanfrage ist m\u00f6glich.\" \/>\n<meta name=\"robots\" content=\"index, follow, max-snippet:-1, max-image-preview:large, max-video-preview:-1\" \/>\n<link rel=\"canonical\" href=\"https:\/\/www.multigas.ch\/de\/produkte\/propan\/\" \/>\n<meta property=\"og:locale\" content=\"de_DE\" \/>\n<meta property=\"og:type\" content=\"article\" \/>\n<meta property=\"og:title\" content=\"Vertrieb von fl\u00fcssigem Propangas (LPG) in Flaschen in der Schweiz - Multigas\" \/>\n<meta property=\"og:description\" content=\"\u00dcber ein Netz aus 100 H\u00e4ndlern wird fl\u00fcssiges Propangas (LPG) in Flaschen in der Schweiz angeboten. Hier finden Sie weitere Einzelheiten zu den Produkten, die wir vertreiben, sowie die Karte mit unseren Vertriebspartnern. Online-Angebotsanfrage ist m\u00f6glich.\" \/>\n<meta property=\"og:url\" content=\"https:\/\/www.multigas.ch\/de\/produkte\/propan\/\" \/>\n<meta property=\"og:site_name\" content=\"Multigas\" \/>\n<meta property=\"article:modified_time\" content=\"2022-11-07T12:47:50+00:00\" \/>\n<meta name=\"twitter:card\" content=\"summary_large_image\" \/>\n<meta name=\"twitter:label1\" content=\"Gesch\u00e4tzte Lesezeit\" \/>\n\t<meta name=\"twitter:data1\" content=\"1\u00a0Minute\" \/>\n<script type=\"application\/ld+json\" class=\"yoast-schema-graph\">{\"@context\":\"https:\\\/\\\/schema.org\",\"@graph\":[{\"@type\":\"WebPage\",\"@id\":\"https:\\\/\\\/www.multigas.ch\\\/de\\\/produkte\\\/propan\\\/\",\"url\":\"https:\\\/\\\/www.multigas.ch\\\/de\\\/produkte\\\/propan\\\/\",\"name\":\"Vertrieb von fl\u00fcssigem Propangas (LPG) in Flaschen in der Schweiz - Multigas\",\"isPartOf\":{\"@id\":\"https:\\\/\\\/www.multigas.ch\\\/#website\"},\"datePublished\":\"2018-03-05T09:51:06+00:00\",\"dateModified\":\"2022-11-07T12:47:50+00:00\",\"description\":\"\u00dcber ein Netz aus 100 H\u00e4ndlern wird fl\u00fcssiges Propangas (LPG) in Flaschen in der Schweiz angeboten. Hier finden Sie weitere Einzelheiten zu den Produkten, die wir vertreiben, sowie die Karte mit unseren Vertriebspartnern. Online-Angebotsanfrage ist m\u00f6glich.\",\"breadcrumb\":{\"@id\":\"https:\\\/\\\/www.multigas.ch\\\/de\\\/produkte\\\/propan\\\/#breadcrumb\"},\"inLanguage\":\"de\",\"potentialAction\":[{\"@type\":\"ReadAction\",\"target\":[\"https:\\\/\\\/www.multigas.ch\\\/de\\\/produkte\\\/propan\\\/\"]}]},{\"@type\":\"BreadcrumbList\",\"@id\":\"https:\\\/\\\/www.multigas.ch\\\/de\\\/produkte\\\/propan\\\/#breadcrumb\",\"itemListElement\":[{\"@type\":\"ListItem\",\"position\":1,\"name\":\"Zuhause\",\"item\":\"https:\\\/\\\/www.multigas.ch\\\/de\\\/\"},{\"@type\":\"ListItem\",\"position\":2,\"name\":\"Produkte\",\"item\":\"https:\\\/\\\/www.multigas.ch\\\/de\\\/produkte\\\/\"},{\"@type\":\"ListItem\",\"position\":3,\"name\":\"Propan\"}]},{\"@type\":\"WebSite\",\"@id\":\"https:\\\/\\\/www.multigas.ch\\\/#website\",\"url\":\"https:\\\/\\\/www.multigas.ch\\\/\",\"name\":\"Multigas\",\"description\":\"Fournisseur de Gaz sp\u00e9ciaux en Suisse\",\"potentialAction\":[{\"@type\":\"SearchAction\",\"target\":{\"@type\":\"EntryPoint\",\"urlTemplate\":\"https:\\\/\\\/www.multigas.ch\\\/?s={search_term_string}\"},\"query-input\":{\"@type\":\"PropertyValueSpecification\",\"valueRequired\":true,\"valueName\":\"search_term_string\"}}],\"inLanguage\":\"de\"}]}<\/script>\n<!-- \/ Yoast SEO plugin. -->","yoast_head_json":{"title":"Vertrieb von fl\u00fcssigem Propangas (LPG) in Flaschen in der Schweiz - Multigas","description":"\u00dcber ein Netz aus 100 H\u00e4ndlern wird fl\u00fcssiges Propangas (LPG) in Flaschen in der Schweiz angeboten. Hier finden Sie weitere Einzelheiten zu den Produkten, die wir vertreiben, sowie die Karte mit unseren Vertriebspartnern. Online-Angebotsanfrage ist m\u00f6glich.","robots":{"index":"index","follow":"follow","max-snippet":"max-snippet:-1","max-image-preview":"max-image-preview:large","max-video-preview":"max-video-preview:-1"},"canonical":"https:\/\/www.multigas.ch\/de\/produkte\/propan\/","og_locale":"de_DE","og_type":"article","og_title":"Vertrieb von fl\u00fcssigem Propangas (LPG) in Flaschen in der Schweiz - Multigas","og_description":"\u00dcber ein Netz aus 100 H\u00e4ndlern wird fl\u00fcssiges Propangas (LPG) in Flaschen in der Schweiz angeboten. Hier finden Sie weitere Einzelheiten zu den Produkten, die wir vertreiben, sowie die Karte mit unseren Vertriebspartnern. Online-Angebotsanfrage ist m\u00f6glich.","og_url":"https:\/\/www.multigas.ch\/de\/produkte\/propan\/","og_site_name":"Multigas","article_modified_time":"2022-11-07T12:47:50+00:00","twitter_card":"summary_large_image","twitter_misc":{"Gesch\u00e4tzte Lesezeit":"1\u00a0Minute"},"schema":{"@context":"https:\/\/schema.org","@graph":[{"@type":"WebPage","@id":"https:\/\/www.multigas.ch\/de\/produkte\/propan\/","url":"https:\/\/www.multigas.ch\/de\/produkte\/propan\/","name":"Vertrieb von fl\u00fcssigem Propangas (LPG) in Flaschen in der Schweiz - Multigas","isPartOf":{"@id":"https:\/\/www.multigas.ch\/#website"},"datePublished":"2018-03-05T09:51:06+00:00","dateModified":"2022-11-07T12:47:50+00:00","description":"\u00dcber ein Netz aus 100 H\u00e4ndlern wird fl\u00fcssiges Propangas (LPG) in Flaschen in der Schweiz angeboten. Hier finden Sie weitere Einzelheiten zu den Produkten, die wir vertreiben, sowie die Karte mit unseren Vertriebspartnern. Online-Angebotsanfrage ist m\u00f6glich.","breadcrumb":{"@id":"https:\/\/www.multigas.ch\/de\/produkte\/propan\/#breadcrumb"},"inLanguage":"de","potentialAction":[{"@type":"ReadAction","target":["https:\/\/www.multigas.ch\/de\/produkte\/propan\/"]}]},{"@type":"BreadcrumbList","@id":"https:\/\/www.multigas.ch\/de\/produkte\/propan\/#breadcrumb","itemListElement":[{"@type":"ListItem","position":1,"name":"Zuhause","item":"https:\/\/www.multigas.ch\/de\/"},{"@type":"ListItem","position":2,"name":"Produkte","item":"https:\/\/www.multigas.ch\/de\/produkte\/"},{"@type":"ListItem","position":3,"name":"Propan"}]},{"@type":"WebSite","@id":"https:\/\/www.multigas.ch\/#website","url":"https:\/\/www.multigas.ch\/","name":"Multigas","description":"Fournisseur de Gaz sp\u00e9ciaux en Suisse","potentialAction":[{"@type":"SearchAction","target":{"@type":"EntryPoint","urlTemplate":"https:\/\/www.multigas.ch\/?s={search_term_string}"},"query-input":{"@type":"PropertyValueSpecification","valueRequired":true,"valueName":"search_term_string"}}],"inLanguage":"de"}]}},"_links":{"self":[{"href":"https:\/\/www.multigas.ch\/de\/wp-json\/wp\/v2\/pages\/633","targetHints":{"allow":["GET"]}}],"collection":[{"href":"https:\/\/www.multigas.ch\/de\/wp-json\/wp\/v2\/pages"}],"about":[{"href":"https:\/\/www.multigas.ch\/de\/wp-json\/wp\/v2\/types\/page"}],"author":[{"embeddable":true,"href":"https:\/\/www.multigas.ch\/de\/wp-json\/wp\/v2\/users\/1"}],"replies":[{"embeddable":true,"href":"https:\/\/www.multigas.ch\/de\/wp-json\/wp\/v2\/comments?post=633"}],"version-history":[{"count":5,"href":"https:\/\/www.multigas.ch\/de\/wp-json\/wp\/v2\/pages\/633\/revisions"}],"predecessor-version":[{"id":6080,"href":"https:\/\/www.multigas.ch\/de\/wp-json\/wp\/v2\/pages\/633\/revisions\/6080"}],"up":[{"embeddable":true,"href":"https:\/\/www.multigas.ch\/de\/wp-json\/wp\/v2\/pages\/631"}],"wp:attachment":[{"href":"https:\/\/www.multigas.ch\/de\/wp-json\/wp\/v2\/media?parent=633"}],"curies":[{"name":"wp","href":"https:\/\/api.w.org\/{rel}","templated":true}]}}