{"id":630,"date":"2018-03-05T10:51:03","date_gmt":"2018-03-05T09:51:03","guid":{"rendered":"https:\/\/www.multigas.ch\/unternehmen\/unternehmensgeschichte\/"},"modified":"2018-08-06T10:25:46","modified_gmt":"2018-08-06T08:25:46","slug":"unternehmensgeschichte","status":"publish","type":"page","link":"https:\/\/www.multigas.ch\/de\/unternehmen\/unternehmensgeschichte\/","title":{"rendered":"Unternehmensgeschichte"},"content":{"rendered":"<p>Die Geschichte des Unternehmens Multigas beginnt im Jahr 1984 in der Schweiz. Das Kerngesch\u00e4ft von Anfang an: <strong>die Abf\u00fcllung von hochreinem Ammoniak<\/strong>. Im Laufe der Zeit entwickelte sich Multigas mit seinem Schweizer Partnernetzwerk ebenfalls zu einem der Hauptakteure im Vertrieb von fl\u00fcssigem Propangas (LPG).<\/p>\n<p>&nbsp;<\/p>\n<p>Seit 20 Jahren ist das Unternehmen Multigas<strong> der einzige unabh\u00e4ngige Gasversorger in Europa,<\/strong> der s\u00e4mtliche Spezialgase \u00fcber sein Partnernetzwerk liefern kann.<\/p>\n<p>&nbsp;<\/p>\n<p>Mit dem Firmensitz in Domdidier, im Kanton Freiburg in der Schweiz, behauptet sich Multigas SA als europ\u00e4ischer Bezugspunkt f\u00fcr hochreines Ammoniak (99,99 %) mit einem breiten Angebot f\u00fcr alle Bereiche der Industrie.\u00a0<\/p>\n","protected":false},"excerpt":{"rendered":"<p>Die Geschichte des Unternehmens Multigas beginnt im Jahr 1984 in der Schweiz. Das Kerngesch\u00e4ft von Anfang an: die Abf\u00fcllung von hochreinem Ammoniak. Im Laufe der Zeit entwickelte sich Multigas mit seinem Schweizer Partnernetzwerk ebenfalls zu einem der Hauptakteure im Vertrieb von fl\u00fcssigem Propangas (LPG). &nbsp; Seit 20 Jahren ist das Unternehmen Multigas der einzige unabh\u00e4ngige [&hellip;]<\/p>\n","protected":false},"author":1,"featured_media":1074,"parent":627,"menu_order":3,"comment_status":"closed","ping_status":"closed","template":"","meta":{"_acf_changed":false,"footnotes":""},"class_list":["post-630","page","type-page","status-publish","has-post-thumbnail","hentry"],"acf":[],"yoast_head":"<!-- This site is optimized with the Yoast SEO plugin v27.3 - https:\/\/yoast.com\/product\/yoast-seo-wordpress\/ -->\n<title>Geschichte des Unternehmens Multigas SA<\/title>\n<meta name=\"description\" content=\"Multigas vertreibt seit 1984 Gase in der Schweiz und in Europa. Die haupts\u00e4chlich bedienten M\u00e4rkte betreffen den Vertrieb und die Versorgung mit hochreinem Ammoniak, fl\u00fcssigem Propangas (LPG) und kundenspezifischen Spezialgasen.\" \/>\n<meta name=\"robots\" content=\"index, follow, max-snippet:-1, max-image-preview:large, max-video-preview:-1\" \/>\n<link rel=\"canonical\" href=\"https:\/\/www.multigas.ch\/de\/unternehmen\/unternehmensgeschichte\/\" \/>\n<meta property=\"og:locale\" content=\"de_DE\" \/>\n<meta property=\"og:type\" content=\"article\" \/>\n<meta property=\"og:title\" content=\"Geschichte des Unternehmens Multigas SA\" \/>\n<meta property=\"og:description\" content=\"Multigas vertreibt seit 1984 Gase in der Schweiz und in Europa. Die haupts\u00e4chlich bedienten M\u00e4rkte betreffen den Vertrieb und die Versorgung mit hochreinem Ammoniak, fl\u00fcssigem Propangas (LPG) und kundenspezifischen Spezialgasen.\" \/>\n<meta property=\"og:url\" content=\"https:\/\/www.multigas.ch\/de\/unternehmen\/unternehmensgeschichte\/\" \/>\n<meta property=\"og:site_name\" content=\"Multigas\" \/>\n<meta property=\"article:modified_time\" content=\"2018-08-06T08:25:46+00:00\" \/>\n<meta property=\"og:image\" content=\"https:\/\/www.multigas.ch\/wp-content\/uploads\/2017\/12\/locaux-multigas.jpg\" \/>\n\t<meta property=\"og:image:width\" content=\"1400\" \/>\n\t<meta property=\"og:image:height\" content=\"540\" \/>\n\t<meta property=\"og:image:type\" content=\"image\/jpeg\" \/>\n<meta name=\"twitter:card\" content=\"summary_large_image\" \/>\n<meta name=\"twitter:label1\" content=\"Gesch\u00e4tzte Lesezeit\" \/>\n\t<meta name=\"twitter:data1\" content=\"1\u00a0Minute\" \/>\n<script type=\"application\/ld+json\" class=\"yoast-schema-graph\">{\"@context\":\"https:\\\/\\\/schema.org\",\"@graph\":[{\"@type\":\"WebPage\",\"@id\":\"https:\\\/\\\/www.multigas.ch\\\/de\\\/unternehmen\\\/unternehmensgeschichte\\\/\",\"url\":\"https:\\\/\\\/www.multigas.ch\\\/de\\\/unternehmen\\\/unternehmensgeschichte\\\/\",\"name\":\"Geschichte des Unternehmens Multigas SA\",\"isPartOf\":{\"@id\":\"https:\\\/\\\/www.multigas.ch\\\/#website\"},\"primaryImageOfPage\":{\"@id\":\"https:\\\/\\\/www.multigas.ch\\\/de\\\/unternehmen\\\/unternehmensgeschichte\\\/#primaryimage\"},\"image\":{\"@id\":\"https:\\\/\\\/www.multigas.ch\\\/de\\\/unternehmen\\\/unternehmensgeschichte\\\/#primaryimage\"},\"thumbnailUrl\":\"https:\\\/\\\/www.multigas.ch\\\/wp-content\\\/uploads\\\/2017\\\/12\\\/locaux-multigas.jpg\",\"datePublished\":\"2018-03-05T09:51:03+00:00\",\"dateModified\":\"2018-08-06T08:25:46+00:00\",\"description\":\"Multigas vertreibt seit 1984 Gase in der Schweiz und in Europa. Die haupts\u00e4chlich bedienten M\u00e4rkte betreffen den Vertrieb und die Versorgung mit hochreinem Ammoniak, fl\u00fcssigem Propangas (LPG) und kundenspezifischen Spezialgasen.\",\"breadcrumb\":{\"@id\":\"https:\\\/\\\/www.multigas.ch\\\/de\\\/unternehmen\\\/unternehmensgeschichte\\\/#breadcrumb\"},\"inLanguage\":\"de\",\"potentialAction\":[{\"@type\":\"ReadAction\",\"target\":[\"https:\\\/\\\/www.multigas.ch\\\/de\\\/unternehmen\\\/unternehmensgeschichte\\\/\"]}]},{\"@type\":\"ImageObject\",\"inLanguage\":\"de\",\"@id\":\"https:\\\/\\\/www.multigas.ch\\\/de\\\/unternehmen\\\/unternehmensgeschichte\\\/#primaryimage\",\"url\":\"https:\\\/\\\/www.multigas.ch\\\/wp-content\\\/uploads\\\/2017\\\/12\\\/locaux-multigas.jpg\",\"contentUrl\":\"https:\\\/\\\/www.multigas.ch\\\/wp-content\\\/uploads\\\/2017\\\/12\\\/locaux-multigas.jpg\",\"width\":1400,\"height\":540,\"caption\":\"Eingang der R\u00e4umlichkeiten Multigas\"},{\"@type\":\"BreadcrumbList\",\"@id\":\"https:\\\/\\\/www.multigas.ch\\\/de\\\/unternehmen\\\/unternehmensgeschichte\\\/#breadcrumb\",\"itemListElement\":[{\"@type\":\"ListItem\",\"position\":1,\"name\":\"Zuhause\",\"item\":\"https:\\\/\\\/www.multigas.ch\\\/de\\\/\"},{\"@type\":\"ListItem\",\"position\":2,\"name\":\"Unternehmen\",\"item\":\"https:\\\/\\\/www.multigas.ch\\\/de\\\/unternehmen\\\/\"},{\"@type\":\"ListItem\",\"position\":3,\"name\":\"Unternehmensgeschichte\"}]},{\"@type\":\"WebSite\",\"@id\":\"https:\\\/\\\/www.multigas.ch\\\/#website\",\"url\":\"https:\\\/\\\/www.multigas.ch\\\/\",\"name\":\"Multigas\",\"description\":\"Fournisseur de Gaz sp\u00e9ciaux en Suisse\",\"potentialAction\":[{\"@type\":\"SearchAction\",\"target\":{\"@type\":\"EntryPoint\",\"urlTemplate\":\"https:\\\/\\\/www.multigas.ch\\\/?s={search_term_string}\"},\"query-input\":{\"@type\":\"PropertyValueSpecification\",\"valueRequired\":true,\"valueName\":\"search_term_string\"}}],\"inLanguage\":\"de\"}]}<\/script>\n<!-- \/ Yoast SEO plugin. -->","yoast_head_json":{"title":"Geschichte des Unternehmens Multigas SA","description":"Multigas vertreibt seit 1984 Gase in der Schweiz und in Europa. Die haupts\u00e4chlich bedienten M\u00e4rkte betreffen den Vertrieb und die Versorgung mit hochreinem Ammoniak, fl\u00fcssigem Propangas (LPG) und kundenspezifischen Spezialgasen.","robots":{"index":"index","follow":"follow","max-snippet":"max-snippet:-1","max-image-preview":"max-image-preview:large","max-video-preview":"max-video-preview:-1"},"canonical":"https:\/\/www.multigas.ch\/de\/unternehmen\/unternehmensgeschichte\/","og_locale":"de_DE","og_type":"article","og_title":"Geschichte des Unternehmens Multigas SA","og_description":"Multigas vertreibt seit 1984 Gase in der Schweiz und in Europa. Die haupts\u00e4chlich bedienten M\u00e4rkte betreffen den Vertrieb und die Versorgung mit hochreinem Ammoniak, fl\u00fcssigem Propangas (LPG) und kundenspezifischen Spezialgasen.","og_url":"https:\/\/www.multigas.ch\/de\/unternehmen\/unternehmensgeschichte\/","og_site_name":"Multigas","article_modified_time":"2018-08-06T08:25:46+00:00","og_image":[{"width":1400,"height":540,"url":"https:\/\/www.multigas.ch\/wp-content\/uploads\/2017\/12\/locaux-multigas.jpg","type":"image\/jpeg"}],"twitter_card":"summary_large_image","twitter_misc":{"Gesch\u00e4tzte Lesezeit":"1\u00a0Minute"},"schema":{"@context":"https:\/\/schema.org","@graph":[{"@type":"WebPage","@id":"https:\/\/www.multigas.ch\/de\/unternehmen\/unternehmensgeschichte\/","url":"https:\/\/www.multigas.ch\/de\/unternehmen\/unternehmensgeschichte\/","name":"Geschichte des Unternehmens Multigas SA","isPartOf":{"@id":"https:\/\/www.multigas.ch\/#website"},"primaryImageOfPage":{"@id":"https:\/\/www.multigas.ch\/de\/unternehmen\/unternehmensgeschichte\/#primaryimage"},"image":{"@id":"https:\/\/www.multigas.ch\/de\/unternehmen\/unternehmensgeschichte\/#primaryimage"},"thumbnailUrl":"https:\/\/www.multigas.ch\/wp-content\/uploads\/2017\/12\/locaux-multigas.jpg","datePublished":"2018-03-05T09:51:03+00:00","dateModified":"2018-08-06T08:25:46+00:00","description":"Multigas vertreibt seit 1984 Gase in der Schweiz und in Europa. Die haupts\u00e4chlich bedienten M\u00e4rkte betreffen den Vertrieb und die Versorgung mit hochreinem Ammoniak, fl\u00fcssigem Propangas (LPG) und kundenspezifischen Spezialgasen.","breadcrumb":{"@id":"https:\/\/www.multigas.ch\/de\/unternehmen\/unternehmensgeschichte\/#breadcrumb"},"inLanguage":"de","potentialAction":[{"@type":"ReadAction","target":["https:\/\/www.multigas.ch\/de\/unternehmen\/unternehmensgeschichte\/"]}]},{"@type":"ImageObject","inLanguage":"de","@id":"https:\/\/www.multigas.ch\/de\/unternehmen\/unternehmensgeschichte\/#primaryimage","url":"https:\/\/www.multigas.ch\/wp-content\/uploads\/2017\/12\/locaux-multigas.jpg","contentUrl":"https:\/\/www.multigas.ch\/wp-content\/uploads\/2017\/12\/locaux-multigas.jpg","width":1400,"height":540,"caption":"Eingang der R\u00e4umlichkeiten Multigas"},{"@type":"BreadcrumbList","@id":"https:\/\/www.multigas.ch\/de\/unternehmen\/unternehmensgeschichte\/#breadcrumb","itemListElement":[{"@type":"ListItem","position":1,"name":"Zuhause","item":"https:\/\/www.multigas.ch\/de\/"},{"@type":"ListItem","position":2,"name":"Unternehmen","item":"https:\/\/www.multigas.ch\/de\/unternehmen\/"},{"@type":"ListItem","position":3,"name":"Unternehmensgeschichte"}]},{"@type":"WebSite","@id":"https:\/\/www.multigas.ch\/#website","url":"https:\/\/www.multigas.ch\/","name":"Multigas","description":"Fournisseur de Gaz sp\u00e9ciaux en Suisse","potentialAction":[{"@type":"SearchAction","target":{"@type":"EntryPoint","urlTemplate":"https:\/\/www.multigas.ch\/?s={search_term_string}"},"query-input":{"@type":"PropertyValueSpecification","valueRequired":true,"valueName":"search_term_string"}}],"inLanguage":"de"}]}},"_links":{"self":[{"href":"https:\/\/www.multigas.ch\/de\/wp-json\/wp\/v2\/pages\/630","targetHints":{"allow":["GET"]}}],"collection":[{"href":"https:\/\/www.multigas.ch\/de\/wp-json\/wp\/v2\/pages"}],"about":[{"href":"https:\/\/www.multigas.ch\/de\/wp-json\/wp\/v2\/types\/page"}],"author":[{"embeddable":true,"href":"https:\/\/www.multigas.ch\/de\/wp-json\/wp\/v2\/users\/1"}],"replies":[{"embeddable":true,"href":"https:\/\/www.multigas.ch\/de\/wp-json\/wp\/v2\/comments?post=630"}],"version-history":[{"count":0,"href":"https:\/\/www.multigas.ch\/de\/wp-json\/wp\/v2\/pages\/630\/revisions"}],"up":[{"embeddable":true,"href":"https:\/\/www.multigas.ch\/de\/wp-json\/wp\/v2\/pages\/627"}],"wp:featuredmedia":[{"embeddable":true,"href":"https:\/\/www.multigas.ch\/de\/wp-json\/wp\/v2\/media\/1074"}],"wp:attachment":[{"href":"https:\/\/www.multigas.ch\/de\/wp-json\/wp\/v2\/media?parent=630"}],"curies":[{"name":"wp","href":"https:\/\/api.w.org\/{rel}","templated":true}]}}