{"id":629,"date":"2018-03-05T10:51:03","date_gmt":"2018-03-05T09:51:03","guid":{"rendered":"https:\/\/www.multigas.ch\/unternehmen\/know-how\/"},"modified":"2025-04-10T16:16:36","modified_gmt":"2025-04-10T14:16:36","slug":"know-how","status":"publish","type":"page","link":"https:\/\/www.multigas.ch\/de\/unternehmen\/know-how\/","title":{"rendered":"Know-How"},"content":{"rendered":"<h2>Ein Know-How von mehr als 40 Jahren<\/h2>\n<p><strong>Multigas verf\u00fcgt \u00fcber ein komplettes Produkt- und Dienstleistungsportfolio f\u00fcr viele verschiedene M\u00e4rkte und Anwendungen.<\/strong> <br \/>\nUnsere St\u00e4rken sind unser 12-k\u00f6pfiges Team, unsere Vielseitigkeit, unsere Ansprechbereitschaft und Verf\u00fcgbarkeit f\u00fcr unsere Kunden, unser Support und die permanente Nachverfolgung. Hierdurch k\u00f6nnen wir jedem Kunden individuelle, bedarfsgerechte L\u00f6sungen anbieten.<\/p>\n<p>\nSicherheit, Flexibilit\u00e4t, Respekt und Vertrauen: dies sind f\u00fcr Multigas die wichtigsten Werte. F\u00fcr uns hat der Servicegedanke einen ganz besonderen Stellenwert. Unser langj\u00e4hriger Erfolg und unsere Bekanntheit sind zur\u00fcckzuf\u00fchren auf eine klare Kundenorientierung.<\/p>\n<p>\nMultigas stellt dem Schweizer Markt <strong>eine komplette Produktpalette an Gasen zur Verf\u00fcgung und besitzt eine eigene LKW-Flotte<\/strong>, um eine optimale Flexibilit\u00e4t und Reaktionsf\u00e4higkeit zu gew\u00e4hrleisten. Die Beachtung bzw. Einhaltung der geltenden Sicherheitsvorschriften gem\u00e4\u00df ADR\/SDR sind f\u00fcr das Team von Multigas selbstverst\u00e4ndlich und Teil ihrer allt\u00e4glichen Arbeit.<\/p>\n<p>&nbsp;<\/p>\n<p>&nbsp;<\/p>\n<h2>ADR-Vorschriften: Bef\u00f6rderung gef\u00e4hrlicher G\u00fcter<\/h2>\n<p>Die ADR-Vorschriften gelten f\u00fcr die Bef\u00f6rderung\/Beladung\/Entladung von gef\u00e4hrlichen G\u00fctern und dienen der Unfallverh\u00fctung, insbesondere als Erg\u00e4nzung der im Arbeitsgesetz festgelegten Anforderungen.<\/p>\n","protected":false},"excerpt":{"rendered":"<p>Ein Know-How von mehr als 40 Jahren Multigas verf\u00fcgt \u00fcber ein komplettes Produkt- und Dienstleistungsportfolio f\u00fcr viele verschiedene M\u00e4rkte und Anwendungen. Unsere St\u00e4rken sind unser 12-k\u00f6pfiges Team, unsere Vielseitigkeit, unsere Ansprechbereitschaft und Verf\u00fcgbarkeit f\u00fcr unsere Kunden, unser Support und die permanente Nachverfolgung. Hierdurch k\u00f6nnen wir jedem Kunden individuelle, bedarfsgerechte L\u00f6sungen anbieten. Sicherheit, Flexibilit\u00e4t, Respekt und [&hellip;]<\/p>\n","protected":false},"author":1,"featured_media":1085,"parent":627,"menu_order":2,"comment_status":"closed","ping_status":"closed","template":"","meta":{"_acf_changed":false,"footnotes":""},"class_list":["post-629","page","type-page","status-publish","has-post-thumbnail","hentry"],"acf":[],"yoast_head":"<!-- This site is optimized with the Yoast SEO plugin v27.3 - https:\/\/yoast.com\/product\/yoast-seo-wordpress\/ -->\n<title>Know-How des Unternehmens Multigas - Multigas SA Schweiz<\/title>\n<meta name=\"description\" content=\"Multigas verf\u00fcgt \u00fcber ein komplettes Produkt- und Dienstleistungsportfolio f\u00fcr viele verschiedene M\u00e4rkte und Anwendungen. Unsere St\u00e4rken sind unser 12-k\u00f6pfiges Team, unsere Vielseitigkeit, unsere Ansprechbereitschaft und Verf\u00fcgbarkeit f\u00fcr unsere Kunden, unser Support und die permanente Nachverfolgung. Hierdurch k\u00f6nnen wir jedem Kunden individuelle, bedarfsgerechte L\u00f6sungen anbieten.\" \/>\n<meta name=\"robots\" content=\"index, follow, max-snippet:-1, max-image-preview:large, max-video-preview:-1\" \/>\n<link rel=\"canonical\" href=\"https:\/\/www.multigas.ch\/de\/unternehmen\/know-how\/\" \/>\n<meta property=\"og:locale\" content=\"de_DE\" \/>\n<meta property=\"og:type\" content=\"article\" \/>\n<meta property=\"og:title\" content=\"Know-How des Unternehmens Multigas - Multigas SA Schweiz\" \/>\n<meta property=\"og:description\" content=\"Multigas verf\u00fcgt \u00fcber ein komplettes Produkt- und Dienstleistungsportfolio f\u00fcr viele verschiedene M\u00e4rkte und Anwendungen. Unsere St\u00e4rken sind unser 12-k\u00f6pfiges Team, unsere Vielseitigkeit, unsere Ansprechbereitschaft und Verf\u00fcgbarkeit f\u00fcr unsere Kunden, unser Support und die permanente Nachverfolgung. Hierdurch k\u00f6nnen wir jedem Kunden individuelle, bedarfsgerechte L\u00f6sungen anbieten.\" \/>\n<meta property=\"og:url\" content=\"https:\/\/www.multigas.ch\/de\/unternehmen\/know-how\/\" \/>\n<meta property=\"og:site_name\" content=\"Multigas\" \/>\n<meta property=\"article:modified_time\" content=\"2025-04-10T14:16:36+00:00\" \/>\n<meta property=\"og:image\" content=\"https:\/\/www.multigas.ch\/wp-content\/uploads\/2018\/01\/savoir-faire-multigas.jpg\" \/>\n\t<meta property=\"og:image:width\" content=\"1400\" \/>\n\t<meta property=\"og:image:height\" content=\"650\" \/>\n\t<meta property=\"og:image:type\" content=\"image\/jpeg\" \/>\n<meta name=\"twitter:card\" content=\"summary_large_image\" \/>\n<meta name=\"twitter:label1\" content=\"Gesch\u00e4tzte Lesezeit\" \/>\n\t<meta name=\"twitter:data1\" content=\"1\u00a0Minute\" \/>\n<script type=\"application\/ld+json\" class=\"yoast-schema-graph\">{\"@context\":\"https:\\\/\\\/schema.org\",\"@graph\":[{\"@type\":\"WebPage\",\"@id\":\"https:\\\/\\\/www.multigas.ch\\\/de\\\/unternehmen\\\/know-how\\\/\",\"url\":\"https:\\\/\\\/www.multigas.ch\\\/de\\\/unternehmen\\\/know-how\\\/\",\"name\":\"Know-How des Unternehmens Multigas - Multigas SA Schweiz\",\"isPartOf\":{\"@id\":\"https:\\\/\\\/www.multigas.ch\\\/#website\"},\"primaryImageOfPage\":{\"@id\":\"https:\\\/\\\/www.multigas.ch\\\/de\\\/unternehmen\\\/know-how\\\/#primaryimage\"},\"image\":{\"@id\":\"https:\\\/\\\/www.multigas.ch\\\/de\\\/unternehmen\\\/know-how\\\/#primaryimage\"},\"thumbnailUrl\":\"https:\\\/\\\/www.multigas.ch\\\/wp-content\\\/uploads\\\/2018\\\/01\\\/savoir-faire-multigas.jpg\",\"datePublished\":\"2018-03-05T09:51:03+00:00\",\"dateModified\":\"2025-04-10T14:16:36+00:00\",\"description\":\"Multigas verf\u00fcgt \u00fcber ein komplettes Produkt- und Dienstleistungsportfolio f\u00fcr viele verschiedene M\u00e4rkte und Anwendungen. Unsere St\u00e4rken sind unser 12-k\u00f6pfiges Team, unsere Vielseitigkeit, unsere Ansprechbereitschaft und Verf\u00fcgbarkeit f\u00fcr unsere Kunden, unser Support und die permanente Nachverfolgung. Hierdurch k\u00f6nnen wir jedem Kunden individuelle, bedarfsgerechte L\u00f6sungen anbieten.\",\"breadcrumb\":{\"@id\":\"https:\\\/\\\/www.multigas.ch\\\/de\\\/unternehmen\\\/know-how\\\/#breadcrumb\"},\"inLanguage\":\"de\",\"potentialAction\":[{\"@type\":\"ReadAction\",\"target\":[\"https:\\\/\\\/www.multigas.ch\\\/de\\\/unternehmen\\\/know-how\\\/\"]}]},{\"@type\":\"ImageObject\",\"inLanguage\":\"de\",\"@id\":\"https:\\\/\\\/www.multigas.ch\\\/de\\\/unternehmen\\\/know-how\\\/#primaryimage\",\"url\":\"https:\\\/\\\/www.multigas.ch\\\/wp-content\\\/uploads\\\/2018\\\/01\\\/savoir-faire-multigas.jpg\",\"contentUrl\":\"https:\\\/\\\/www.multigas.ch\\\/wp-content\\\/uploads\\\/2018\\\/01\\\/savoir-faire-multigas.jpg\",\"width\":1400,\"height\":650,\"caption\":\"Ein Know-how seit mehr als 30 Jahren\"},{\"@type\":\"BreadcrumbList\",\"@id\":\"https:\\\/\\\/www.multigas.ch\\\/de\\\/unternehmen\\\/know-how\\\/#breadcrumb\",\"itemListElement\":[{\"@type\":\"ListItem\",\"position\":1,\"name\":\"Zuhause\",\"item\":\"https:\\\/\\\/www.multigas.ch\\\/de\\\/\"},{\"@type\":\"ListItem\",\"position\":2,\"name\":\"Unternehmen\",\"item\":\"https:\\\/\\\/www.multigas.ch\\\/de\\\/unternehmen\\\/\"},{\"@type\":\"ListItem\",\"position\":3,\"name\":\"Know-How\"}]},{\"@type\":\"WebSite\",\"@id\":\"https:\\\/\\\/www.multigas.ch\\\/#website\",\"url\":\"https:\\\/\\\/www.multigas.ch\\\/\",\"name\":\"Multigas\",\"description\":\"Fournisseur de Gaz sp\u00e9ciaux en Suisse\",\"potentialAction\":[{\"@type\":\"SearchAction\",\"target\":{\"@type\":\"EntryPoint\",\"urlTemplate\":\"https:\\\/\\\/www.multigas.ch\\\/?s={search_term_string}\"},\"query-input\":{\"@type\":\"PropertyValueSpecification\",\"valueRequired\":true,\"valueName\":\"search_term_string\"}}],\"inLanguage\":\"de\"}]}<\/script>\n<!-- \/ Yoast SEO plugin. -->","yoast_head_json":{"title":"Know-How des Unternehmens Multigas - Multigas SA Schweiz","description":"Multigas verf\u00fcgt \u00fcber ein komplettes Produkt- und Dienstleistungsportfolio f\u00fcr viele verschiedene M\u00e4rkte und Anwendungen. Unsere St\u00e4rken sind unser 12-k\u00f6pfiges Team, unsere Vielseitigkeit, unsere Ansprechbereitschaft und Verf\u00fcgbarkeit f\u00fcr unsere Kunden, unser Support und die permanente Nachverfolgung. Hierdurch k\u00f6nnen wir jedem Kunden individuelle, bedarfsgerechte L\u00f6sungen anbieten.","robots":{"index":"index","follow":"follow","max-snippet":"max-snippet:-1","max-image-preview":"max-image-preview:large","max-video-preview":"max-video-preview:-1"},"canonical":"https:\/\/www.multigas.ch\/de\/unternehmen\/know-how\/","og_locale":"de_DE","og_type":"article","og_title":"Know-How des Unternehmens Multigas - Multigas SA Schweiz","og_description":"Multigas verf\u00fcgt \u00fcber ein komplettes Produkt- und Dienstleistungsportfolio f\u00fcr viele verschiedene M\u00e4rkte und Anwendungen. Unsere St\u00e4rken sind unser 12-k\u00f6pfiges Team, unsere Vielseitigkeit, unsere Ansprechbereitschaft und Verf\u00fcgbarkeit f\u00fcr unsere Kunden, unser Support und die permanente Nachverfolgung. Hierdurch k\u00f6nnen wir jedem Kunden individuelle, bedarfsgerechte L\u00f6sungen anbieten.","og_url":"https:\/\/www.multigas.ch\/de\/unternehmen\/know-how\/","og_site_name":"Multigas","article_modified_time":"2025-04-10T14:16:36+00:00","og_image":[{"width":1400,"height":650,"url":"https:\/\/www.multigas.ch\/wp-content\/uploads\/2018\/01\/savoir-faire-multigas.jpg","type":"image\/jpeg"}],"twitter_card":"summary_large_image","twitter_misc":{"Gesch\u00e4tzte Lesezeit":"1\u00a0Minute"},"schema":{"@context":"https:\/\/schema.org","@graph":[{"@type":"WebPage","@id":"https:\/\/www.multigas.ch\/de\/unternehmen\/know-how\/","url":"https:\/\/www.multigas.ch\/de\/unternehmen\/know-how\/","name":"Know-How des Unternehmens Multigas - Multigas SA Schweiz","isPartOf":{"@id":"https:\/\/www.multigas.ch\/#website"},"primaryImageOfPage":{"@id":"https:\/\/www.multigas.ch\/de\/unternehmen\/know-how\/#primaryimage"},"image":{"@id":"https:\/\/www.multigas.ch\/de\/unternehmen\/know-how\/#primaryimage"},"thumbnailUrl":"https:\/\/www.multigas.ch\/wp-content\/uploads\/2018\/01\/savoir-faire-multigas.jpg","datePublished":"2018-03-05T09:51:03+00:00","dateModified":"2025-04-10T14:16:36+00:00","description":"Multigas verf\u00fcgt \u00fcber ein komplettes Produkt- und Dienstleistungsportfolio f\u00fcr viele verschiedene M\u00e4rkte und Anwendungen. Unsere St\u00e4rken sind unser 12-k\u00f6pfiges Team, unsere Vielseitigkeit, unsere Ansprechbereitschaft und Verf\u00fcgbarkeit f\u00fcr unsere Kunden, unser Support und die permanente Nachverfolgung. Hierdurch k\u00f6nnen wir jedem Kunden individuelle, bedarfsgerechte L\u00f6sungen anbieten.","breadcrumb":{"@id":"https:\/\/www.multigas.ch\/de\/unternehmen\/know-how\/#breadcrumb"},"inLanguage":"de","potentialAction":[{"@type":"ReadAction","target":["https:\/\/www.multigas.ch\/de\/unternehmen\/know-how\/"]}]},{"@type":"ImageObject","inLanguage":"de","@id":"https:\/\/www.multigas.ch\/de\/unternehmen\/know-how\/#primaryimage","url":"https:\/\/www.multigas.ch\/wp-content\/uploads\/2018\/01\/savoir-faire-multigas.jpg","contentUrl":"https:\/\/www.multigas.ch\/wp-content\/uploads\/2018\/01\/savoir-faire-multigas.jpg","width":1400,"height":650,"caption":"Ein Know-how seit mehr als 30 Jahren"},{"@type":"BreadcrumbList","@id":"https:\/\/www.multigas.ch\/de\/unternehmen\/know-how\/#breadcrumb","itemListElement":[{"@type":"ListItem","position":1,"name":"Zuhause","item":"https:\/\/www.multigas.ch\/de\/"},{"@type":"ListItem","position":2,"name":"Unternehmen","item":"https:\/\/www.multigas.ch\/de\/unternehmen\/"},{"@type":"ListItem","position":3,"name":"Know-How"}]},{"@type":"WebSite","@id":"https:\/\/www.multigas.ch\/#website","url":"https:\/\/www.multigas.ch\/","name":"Multigas","description":"Fournisseur de Gaz sp\u00e9ciaux en Suisse","potentialAction":[{"@type":"SearchAction","target":{"@type":"EntryPoint","urlTemplate":"https:\/\/www.multigas.ch\/?s={search_term_string}"},"query-input":{"@type":"PropertyValueSpecification","valueRequired":true,"valueName":"search_term_string"}}],"inLanguage":"de"}]}},"_links":{"self":[{"href":"https:\/\/www.multigas.ch\/de\/wp-json\/wp\/v2\/pages\/629","targetHints":{"allow":["GET"]}}],"collection":[{"href":"https:\/\/www.multigas.ch\/de\/wp-json\/wp\/v2\/pages"}],"about":[{"href":"https:\/\/www.multigas.ch\/de\/wp-json\/wp\/v2\/types\/page"}],"author":[{"embeddable":true,"href":"https:\/\/www.multigas.ch\/de\/wp-json\/wp\/v2\/users\/1"}],"replies":[{"embeddable":true,"href":"https:\/\/www.multigas.ch\/de\/wp-json\/wp\/v2\/comments?post=629"}],"version-history":[{"count":1,"href":"https:\/\/www.multigas.ch\/de\/wp-json\/wp\/v2\/pages\/629\/revisions"}],"predecessor-version":[{"id":7509,"href":"https:\/\/www.multigas.ch\/de\/wp-json\/wp\/v2\/pages\/629\/revisions\/7509"}],"up":[{"embeddable":true,"href":"https:\/\/www.multigas.ch\/de\/wp-json\/wp\/v2\/pages\/627"}],"wp:featuredmedia":[{"embeddable":true,"href":"https:\/\/www.multigas.ch\/de\/wp-json\/wp\/v2\/media\/1085"}],"wp:attachment":[{"href":"https:\/\/www.multigas.ch\/de\/wp-json\/wp\/v2\/media?parent=629"}],"curies":[{"name":"wp","href":"https:\/\/api.w.org\/{rel}","templated":true}]}}