{"id":628,"date":"2018-03-05T10:51:02","date_gmt":"2018-03-05T09:51:02","guid":{"rendered":"https:\/\/www.multigas.ch\/unternehmen\/vorstellung\/"},"modified":"2018-08-06T10:25:01","modified_gmt":"2018-08-06T08:25:01","slug":"vorstellung","status":"publish","type":"page","link":"https:\/\/www.multigas.ch\/de\/unternehmen\/vorstellung\/","title":{"rendered":"Vorstellung"},"content":{"rendered":"<p>Multigas ist ein Unternehmen, das 1984 gegr\u00fcndet wurde und seit 1996 in Domdidier in der Schweiz ans\u00e4ssig ist. Seine Gesch\u00e4ftst\u00e4tigkeit konzentriert sich vollkommen auf <strong>den Bereich GASE<\/strong> und umfasst Vertriebsaktivit\u00e4ten in den Marktsegmenten Ammoniak, fl\u00fcssiges Propangas (LPG) und Spezialgase.<\/p>\n<p>&nbsp;<\/p>\n<p>Das Standard-Angebot umfasst Gase und zugeh\u00f6rige Dienstleistungen wie z. B. Anwendungsempfehlungen, Anlagen, Ausr\u00fcstungen und Schulungen. Multigas ist nach ISO 9001 (Qualit\u00e4tsmanagement) und ISO 14001 (Umweltschutzmanagement) zertifiziert: 2015<\/p>\n<p>&nbsp;<\/p>\n<p><a href=\"https:\/\/www.multigas.ch\/wp-content\/uploads\/2018\/01\/SQS-DE.pdf\" target=\"_blank\" rel=\"noopener\">SQS-Zertifikat Multigas<\/a><\/p>\n<p><a href=\"https:\/\/www.multigas.ch\/wp-content\/uploads\/2018\/01\/certificat-ionet.pdf\" target=\"_blank\" rel=\"noopener\">IQNet-Zertifikat<\/a><\/p>\n","protected":false},"excerpt":{"rendered":"<p>Multigas ist ein Unternehmen, das 1984 gegr\u00fcndet wurde und seit 1996 in Domdidier in der Schweiz ans\u00e4ssig ist. Seine Gesch\u00e4ftst\u00e4tigkeit konzentriert sich vollkommen auf den Bereich GASE und umfasst Vertriebsaktivit\u00e4ten in den Marktsegmenten Ammoniak, fl\u00fcssiges Propangas (LPG) und Spezialgase. &nbsp; Das Standard-Angebot umfasst Gase und zugeh\u00f6rige Dienstleistungen wie z. B. Anwendungsempfehlungen, Anlagen, Ausr\u00fcstungen und Schulungen. [&hellip;]<\/p>\n","protected":false},"author":1,"featured_media":1074,"parent":627,"menu_order":1,"comment_status":"closed","ping_status":"closed","template":"","meta":{"_acf_changed":false,"footnotes":""},"class_list":["post-628","page","type-page","status-publish","has-post-thumbnail","hentry"],"acf":[],"yoast_head":"<!-- This site is optimized with the Yoast SEO plugin v27.3 - https:\/\/yoast.com\/product\/yoast-seo-wordpress\/ -->\n<title>Vorstellung Ihres Vertriebsspezialisten f\u00fcr Gase - Multigas SA<\/title>\n<meta name=\"description\" content=\"Multigas ist ein Unternehmen, das 1984 gegr\u00fcndet wurde und seit 1996 in Domdidier in der Schweiz ans\u00e4ssig ist. Seine Gesch\u00e4ftst\u00e4tigkeit konzentriert sich vollkommen auf den Bereich GASE und umfasst Vertriebsaktivit\u00e4ten in den Marktsegmenten Ammoniak, fl\u00fcssiges Propangas (LPG) und Spezialgase.\" \/>\n<meta name=\"robots\" content=\"index, follow, max-snippet:-1, max-image-preview:large, max-video-preview:-1\" \/>\n<link rel=\"canonical\" href=\"https:\/\/www.multigas.ch\/de\/unternehmen\/vorstellung\/\" \/>\n<meta property=\"og:locale\" content=\"de_DE\" \/>\n<meta property=\"og:type\" content=\"article\" \/>\n<meta property=\"og:title\" content=\"Vorstellung Ihres Vertriebsspezialisten f\u00fcr Gase - Multigas SA\" \/>\n<meta property=\"og:description\" content=\"Multigas ist ein Unternehmen, das 1984 gegr\u00fcndet wurde und seit 1996 in Domdidier in der Schweiz ans\u00e4ssig ist. Seine Gesch\u00e4ftst\u00e4tigkeit konzentriert sich vollkommen auf den Bereich GASE und umfasst Vertriebsaktivit\u00e4ten in den Marktsegmenten Ammoniak, fl\u00fcssiges Propangas (LPG) und Spezialgase.\" \/>\n<meta property=\"og:url\" content=\"https:\/\/www.multigas.ch\/de\/unternehmen\/vorstellung\/\" \/>\n<meta property=\"og:site_name\" content=\"Multigas\" \/>\n<meta property=\"article:modified_time\" content=\"2018-08-06T08:25:01+00:00\" \/>\n<meta property=\"og:image\" content=\"https:\/\/www.multigas.ch\/wp-content\/uploads\/2017\/12\/locaux-multigas.jpg\" \/>\n\t<meta property=\"og:image:width\" content=\"1400\" \/>\n\t<meta property=\"og:image:height\" content=\"540\" \/>\n\t<meta property=\"og:image:type\" content=\"image\/jpeg\" \/>\n<meta name=\"twitter:card\" content=\"summary_large_image\" \/>\n<script type=\"application\/ld+json\" class=\"yoast-schema-graph\">{\"@context\":\"https:\\\/\\\/schema.org\",\"@graph\":[{\"@type\":\"WebPage\",\"@id\":\"https:\\\/\\\/www.multigas.ch\\\/de\\\/unternehmen\\\/vorstellung\\\/\",\"url\":\"https:\\\/\\\/www.multigas.ch\\\/de\\\/unternehmen\\\/vorstellung\\\/\",\"name\":\"Vorstellung Ihres Vertriebsspezialisten f\u00fcr Gase - Multigas SA\",\"isPartOf\":{\"@id\":\"https:\\\/\\\/www.multigas.ch\\\/#website\"},\"primaryImageOfPage\":{\"@id\":\"https:\\\/\\\/www.multigas.ch\\\/de\\\/unternehmen\\\/vorstellung\\\/#primaryimage\"},\"image\":{\"@id\":\"https:\\\/\\\/www.multigas.ch\\\/de\\\/unternehmen\\\/vorstellung\\\/#primaryimage\"},\"thumbnailUrl\":\"https:\\\/\\\/www.multigas.ch\\\/wp-content\\\/uploads\\\/2017\\\/12\\\/locaux-multigas.jpg\",\"datePublished\":\"2018-03-05T09:51:02+00:00\",\"dateModified\":\"2018-08-06T08:25:01+00:00\",\"description\":\"Multigas ist ein Unternehmen, das 1984 gegr\u00fcndet wurde und seit 1996 in Domdidier in der Schweiz ans\u00e4ssig ist. Seine Gesch\u00e4ftst\u00e4tigkeit konzentriert sich vollkommen auf den Bereich GASE und umfasst Vertriebsaktivit\u00e4ten in den Marktsegmenten Ammoniak, fl\u00fcssiges Propangas (LPG) und Spezialgase.\",\"breadcrumb\":{\"@id\":\"https:\\\/\\\/www.multigas.ch\\\/de\\\/unternehmen\\\/vorstellung\\\/#breadcrumb\"},\"inLanguage\":\"de\",\"potentialAction\":[{\"@type\":\"ReadAction\",\"target\":[\"https:\\\/\\\/www.multigas.ch\\\/de\\\/unternehmen\\\/vorstellung\\\/\"]}]},{\"@type\":\"ImageObject\",\"inLanguage\":\"de\",\"@id\":\"https:\\\/\\\/www.multigas.ch\\\/de\\\/unternehmen\\\/vorstellung\\\/#primaryimage\",\"url\":\"https:\\\/\\\/www.multigas.ch\\\/wp-content\\\/uploads\\\/2017\\\/12\\\/locaux-multigas.jpg\",\"contentUrl\":\"https:\\\/\\\/www.multigas.ch\\\/wp-content\\\/uploads\\\/2017\\\/12\\\/locaux-multigas.jpg\",\"width\":1400,\"height\":540,\"caption\":\"Eingang der R\u00e4umlichkeiten Multigas\"},{\"@type\":\"BreadcrumbList\",\"@id\":\"https:\\\/\\\/www.multigas.ch\\\/de\\\/unternehmen\\\/vorstellung\\\/#breadcrumb\",\"itemListElement\":[{\"@type\":\"ListItem\",\"position\":1,\"name\":\"Zuhause\",\"item\":\"https:\\\/\\\/www.multigas.ch\\\/de\\\/\"},{\"@type\":\"ListItem\",\"position\":2,\"name\":\"Unternehmen\",\"item\":\"https:\\\/\\\/www.multigas.ch\\\/de\\\/unternehmen\\\/\"},{\"@type\":\"ListItem\",\"position\":3,\"name\":\"Vorstellung\"}]},{\"@type\":\"WebSite\",\"@id\":\"https:\\\/\\\/www.multigas.ch\\\/#website\",\"url\":\"https:\\\/\\\/www.multigas.ch\\\/\",\"name\":\"Multigas\",\"description\":\"Fournisseur de Gaz sp\u00e9ciaux en Suisse\",\"potentialAction\":[{\"@type\":\"SearchAction\",\"target\":{\"@type\":\"EntryPoint\",\"urlTemplate\":\"https:\\\/\\\/www.multigas.ch\\\/?s={search_term_string}\"},\"query-input\":{\"@type\":\"PropertyValueSpecification\",\"valueRequired\":true,\"valueName\":\"search_term_string\"}}],\"inLanguage\":\"de\"}]}<\/script>\n<!-- \/ Yoast SEO plugin. -->","yoast_head_json":{"title":"Vorstellung Ihres Vertriebsspezialisten f\u00fcr Gase - Multigas SA","description":"Multigas ist ein Unternehmen, das 1984 gegr\u00fcndet wurde und seit 1996 in Domdidier in der Schweiz ans\u00e4ssig ist. Seine Gesch\u00e4ftst\u00e4tigkeit konzentriert sich vollkommen auf den Bereich GASE und umfasst Vertriebsaktivit\u00e4ten in den Marktsegmenten Ammoniak, fl\u00fcssiges Propangas (LPG) und Spezialgase.","robots":{"index":"index","follow":"follow","max-snippet":"max-snippet:-1","max-image-preview":"max-image-preview:large","max-video-preview":"max-video-preview:-1"},"canonical":"https:\/\/www.multigas.ch\/de\/unternehmen\/vorstellung\/","og_locale":"de_DE","og_type":"article","og_title":"Vorstellung Ihres Vertriebsspezialisten f\u00fcr Gase - Multigas SA","og_description":"Multigas ist ein Unternehmen, das 1984 gegr\u00fcndet wurde und seit 1996 in Domdidier in der Schweiz ans\u00e4ssig ist. Seine Gesch\u00e4ftst\u00e4tigkeit konzentriert sich vollkommen auf den Bereich GASE und umfasst Vertriebsaktivit\u00e4ten in den Marktsegmenten Ammoniak, fl\u00fcssiges Propangas (LPG) und Spezialgase.","og_url":"https:\/\/www.multigas.ch\/de\/unternehmen\/vorstellung\/","og_site_name":"Multigas","article_modified_time":"2018-08-06T08:25:01+00:00","og_image":[{"width":1400,"height":540,"url":"https:\/\/www.multigas.ch\/wp-content\/uploads\/2017\/12\/locaux-multigas.jpg","type":"image\/jpeg"}],"twitter_card":"summary_large_image","schema":{"@context":"https:\/\/schema.org","@graph":[{"@type":"WebPage","@id":"https:\/\/www.multigas.ch\/de\/unternehmen\/vorstellung\/","url":"https:\/\/www.multigas.ch\/de\/unternehmen\/vorstellung\/","name":"Vorstellung Ihres Vertriebsspezialisten f\u00fcr Gase - Multigas SA","isPartOf":{"@id":"https:\/\/www.multigas.ch\/#website"},"primaryImageOfPage":{"@id":"https:\/\/www.multigas.ch\/de\/unternehmen\/vorstellung\/#primaryimage"},"image":{"@id":"https:\/\/www.multigas.ch\/de\/unternehmen\/vorstellung\/#primaryimage"},"thumbnailUrl":"https:\/\/www.multigas.ch\/wp-content\/uploads\/2017\/12\/locaux-multigas.jpg","datePublished":"2018-03-05T09:51:02+00:00","dateModified":"2018-08-06T08:25:01+00:00","description":"Multigas ist ein Unternehmen, das 1984 gegr\u00fcndet wurde und seit 1996 in Domdidier in der Schweiz ans\u00e4ssig ist. Seine Gesch\u00e4ftst\u00e4tigkeit konzentriert sich vollkommen auf den Bereich GASE und umfasst Vertriebsaktivit\u00e4ten in den Marktsegmenten Ammoniak, fl\u00fcssiges Propangas (LPG) und Spezialgase.","breadcrumb":{"@id":"https:\/\/www.multigas.ch\/de\/unternehmen\/vorstellung\/#breadcrumb"},"inLanguage":"de","potentialAction":[{"@type":"ReadAction","target":["https:\/\/www.multigas.ch\/de\/unternehmen\/vorstellung\/"]}]},{"@type":"ImageObject","inLanguage":"de","@id":"https:\/\/www.multigas.ch\/de\/unternehmen\/vorstellung\/#primaryimage","url":"https:\/\/www.multigas.ch\/wp-content\/uploads\/2017\/12\/locaux-multigas.jpg","contentUrl":"https:\/\/www.multigas.ch\/wp-content\/uploads\/2017\/12\/locaux-multigas.jpg","width":1400,"height":540,"caption":"Eingang der R\u00e4umlichkeiten Multigas"},{"@type":"BreadcrumbList","@id":"https:\/\/www.multigas.ch\/de\/unternehmen\/vorstellung\/#breadcrumb","itemListElement":[{"@type":"ListItem","position":1,"name":"Zuhause","item":"https:\/\/www.multigas.ch\/de\/"},{"@type":"ListItem","position":2,"name":"Unternehmen","item":"https:\/\/www.multigas.ch\/de\/unternehmen\/"},{"@type":"ListItem","position":3,"name":"Vorstellung"}]},{"@type":"WebSite","@id":"https:\/\/www.multigas.ch\/#website","url":"https:\/\/www.multigas.ch\/","name":"Multigas","description":"Fournisseur de Gaz sp\u00e9ciaux en Suisse","potentialAction":[{"@type":"SearchAction","target":{"@type":"EntryPoint","urlTemplate":"https:\/\/www.multigas.ch\/?s={search_term_string}"},"query-input":{"@type":"PropertyValueSpecification","valueRequired":true,"valueName":"search_term_string"}}],"inLanguage":"de"}]}},"_links":{"self":[{"href":"https:\/\/www.multigas.ch\/de\/wp-json\/wp\/v2\/pages\/628","targetHints":{"allow":["GET"]}}],"collection":[{"href":"https:\/\/www.multigas.ch\/de\/wp-json\/wp\/v2\/pages"}],"about":[{"href":"https:\/\/www.multigas.ch\/de\/wp-json\/wp\/v2\/types\/page"}],"author":[{"embeddable":true,"href":"https:\/\/www.multigas.ch\/de\/wp-json\/wp\/v2\/users\/1"}],"replies":[{"embeddable":true,"href":"https:\/\/www.multigas.ch\/de\/wp-json\/wp\/v2\/comments?post=628"}],"version-history":[{"count":0,"href":"https:\/\/www.multigas.ch\/de\/wp-json\/wp\/v2\/pages\/628\/revisions"}],"up":[{"embeddable":true,"href":"https:\/\/www.multigas.ch\/de\/wp-json\/wp\/v2\/pages\/627"}],"wp:featuredmedia":[{"embeddable":true,"href":"https:\/\/www.multigas.ch\/de\/wp-json\/wp\/v2\/media\/1074"}],"wp:attachment":[{"href":"https:\/\/www.multigas.ch\/de\/wp-json\/wp\/v2\/media?parent=628"}],"curies":[{"name":"wp","href":"https:\/\/api.w.org\/{rel}","templated":true}]}}