{"id":1264,"date":"2017-11-24T18:08:05","date_gmt":"2017-11-24T17:08:05","guid":{"rendered":"https:\/\/www.multigas.ch\/produkte\/froid\/"},"modified":"2025-05-14T14:09:13","modified_gmt":"2025-05-14T12:09:13","slug":"kalt","status":"publish","type":"page","link":"https:\/\/www.multigas.ch\/de\/produkte\/kalt\/","title":{"rendered":"K\u00e4ltetechnik"},"content":{"rendered":"<p>Multigas bietet f\u00fcr den Schweizer Markt die komplette Produktpalette des Unternehmens Calorie Fluor an, einem der Hauptakteure f\u00fcr den Vertrieb von K\u00e4ltemitteln in Frankreich und Europa.<\/p>\n<p>Als Experte auf dem Gebiet der europ\u00e4ischen Gesetzgebung (F-Gase) kann Multigas Sie bei der Wahl der Medien f\u00fcr Ihre Anlage beraten.<\/p>\n<p>Erfahren Sie hier mehr \u00fcber unsere Produkte.<\/p>\n","protected":false},"excerpt":{"rendered":"<p>Multigas bietet f\u00fcr den Schweizer Markt die komplette Produktpalette des Unternehmens Calorie Fluor an, einem der Hauptakteure f\u00fcr den Vertrieb von K\u00e4ltemitteln in Frankreich und Europa. Als Experte auf dem Gebiet der europ\u00e4ischen Gesetzgebung (F-Gase) kann Multigas Sie bei der Wahl der Medien f\u00fcr Ihre Anlage beraten. Erfahren Sie hier mehr \u00fcber unsere Produkte.<\/p>\n","protected":false},"author":1,"featured_media":0,"parent":631,"menu_order":4,"comment_status":"closed","ping_status":"closed","template":"template-froid.php","meta":{"_acf_changed":false,"footnotes":""},"class_list":["post-1264","page","type-page","status-publish","hentry"],"acf":[],"yoast_head":"<!-- This site is optimized with the Yoast SEO plugin v27.3 - https:\/\/yoast.com\/product\/yoast-seo-wordpress\/ -->\n<title>K\u00fchlmittel, Schweizer Lieferant von K\u00e4ltemitteln - Multigas<\/title>\n<meta name=\"description\" content=\"Multigas bietet f\u00fcr den Schweizer Markt die komplette Produktpalette des Unternehmens Calorie Fluor an, einem der Hauptakteure f\u00fcr den Vertrieb.\" \/>\n<meta name=\"robots\" content=\"index, follow, max-snippet:-1, max-image-preview:large, max-video-preview:-1\" \/>\n<link rel=\"canonical\" href=\"https:\/\/www.multigas.ch\/de\/produkte\/kalt\/\" \/>\n<meta property=\"og:locale\" content=\"de_DE\" \/>\n<meta property=\"og:type\" content=\"article\" \/>\n<meta property=\"og:title\" content=\"K\u00fchlmittel, Schweizer Lieferant von K\u00e4ltemitteln - Multigas\" \/>\n<meta property=\"og:description\" content=\"Multigas bietet f\u00fcr den Schweizer Markt die komplette Produktpalette des Unternehmens Calorie Fluor an, einem der Hauptakteure f\u00fcr den Vertrieb.\" \/>\n<meta property=\"og:url\" content=\"https:\/\/www.multigas.ch\/de\/produkte\/kalt\/\" \/>\n<meta property=\"og:site_name\" content=\"Multigas\" \/>\n<meta property=\"article:modified_time\" content=\"2025-05-14T12:09:13+00:00\" \/>\n<meta name=\"twitter:card\" content=\"summary_large_image\" \/>\n<meta name=\"twitter:label1\" content=\"Gesch\u00e4tzte Lesezeit\" \/>\n\t<meta name=\"twitter:data1\" content=\"1\u00a0Minute\" \/>\n<script type=\"application\/ld+json\" class=\"yoast-schema-graph\">{\"@context\":\"https:\\\/\\\/schema.org\",\"@graph\":[{\"@type\":\"WebPage\",\"@id\":\"https:\\\/\\\/www.multigas.ch\\\/de\\\/produkte\\\/kalt\\\/\",\"url\":\"https:\\\/\\\/www.multigas.ch\\\/de\\\/produkte\\\/kalt\\\/\",\"name\":\"K\u00fchlmittel, Schweizer Lieferant von K\u00e4ltemitteln - Multigas\",\"isPartOf\":{\"@id\":\"https:\\\/\\\/www.multigas.ch\\\/#website\"},\"datePublished\":\"2017-11-24T17:08:05+00:00\",\"dateModified\":\"2025-05-14T12:09:13+00:00\",\"description\":\"Multigas bietet f\u00fcr den Schweizer Markt die komplette Produktpalette des Unternehmens Calorie Fluor an, einem der Hauptakteure f\u00fcr den Vertrieb.\",\"breadcrumb\":{\"@id\":\"https:\\\/\\\/www.multigas.ch\\\/de\\\/produkte\\\/kalt\\\/#breadcrumb\"},\"inLanguage\":\"de\",\"potentialAction\":[{\"@type\":\"ReadAction\",\"target\":[\"https:\\\/\\\/www.multigas.ch\\\/de\\\/produkte\\\/kalt\\\/\"]}]},{\"@type\":\"BreadcrumbList\",\"@id\":\"https:\\\/\\\/www.multigas.ch\\\/de\\\/produkte\\\/kalt\\\/#breadcrumb\",\"itemListElement\":[{\"@type\":\"ListItem\",\"position\":1,\"name\":\"Zuhause\",\"item\":\"https:\\\/\\\/www.multigas.ch\\\/de\\\/\"},{\"@type\":\"ListItem\",\"position\":2,\"name\":\"Produkte\",\"item\":\"https:\\\/\\\/www.multigas.ch\\\/de\\\/produkte\\\/\"},{\"@type\":\"ListItem\",\"position\":3,\"name\":\"K\u00e4ltetechnik\"}]},{\"@type\":\"WebSite\",\"@id\":\"https:\\\/\\\/www.multigas.ch\\\/#website\",\"url\":\"https:\\\/\\\/www.multigas.ch\\\/\",\"name\":\"Multigas\",\"description\":\"Fournisseur de Gaz sp\u00e9ciaux en Suisse\",\"potentialAction\":[{\"@type\":\"SearchAction\",\"target\":{\"@type\":\"EntryPoint\",\"urlTemplate\":\"https:\\\/\\\/www.multigas.ch\\\/?s={search_term_string}\"},\"query-input\":{\"@type\":\"PropertyValueSpecification\",\"valueRequired\":true,\"valueName\":\"search_term_string\"}}],\"inLanguage\":\"de\"}]}<\/script>\n<!-- \/ Yoast SEO plugin. -->","yoast_head_json":{"title":"K\u00fchlmittel, Schweizer Lieferant von K\u00e4ltemitteln - Multigas","description":"Multigas bietet f\u00fcr den Schweizer Markt die komplette Produktpalette des Unternehmens Calorie Fluor an, einem der Hauptakteure f\u00fcr den Vertrieb.","robots":{"index":"index","follow":"follow","max-snippet":"max-snippet:-1","max-image-preview":"max-image-preview:large","max-video-preview":"max-video-preview:-1"},"canonical":"https:\/\/www.multigas.ch\/de\/produkte\/kalt\/","og_locale":"de_DE","og_type":"article","og_title":"K\u00fchlmittel, Schweizer Lieferant von K\u00e4ltemitteln - Multigas","og_description":"Multigas bietet f\u00fcr den Schweizer Markt die komplette Produktpalette des Unternehmens Calorie Fluor an, einem der Hauptakteure f\u00fcr den Vertrieb.","og_url":"https:\/\/www.multigas.ch\/de\/produkte\/kalt\/","og_site_name":"Multigas","article_modified_time":"2025-05-14T12:09:13+00:00","twitter_card":"summary_large_image","twitter_misc":{"Gesch\u00e4tzte Lesezeit":"1\u00a0Minute"},"schema":{"@context":"https:\/\/schema.org","@graph":[{"@type":"WebPage","@id":"https:\/\/www.multigas.ch\/de\/produkte\/kalt\/","url":"https:\/\/www.multigas.ch\/de\/produkte\/kalt\/","name":"K\u00fchlmittel, Schweizer Lieferant von K\u00e4ltemitteln - Multigas","isPartOf":{"@id":"https:\/\/www.multigas.ch\/#website"},"datePublished":"2017-11-24T17:08:05+00:00","dateModified":"2025-05-14T12:09:13+00:00","description":"Multigas bietet f\u00fcr den Schweizer Markt die komplette Produktpalette des Unternehmens Calorie Fluor an, einem der Hauptakteure f\u00fcr den Vertrieb.","breadcrumb":{"@id":"https:\/\/www.multigas.ch\/de\/produkte\/kalt\/#breadcrumb"},"inLanguage":"de","potentialAction":[{"@type":"ReadAction","target":["https:\/\/www.multigas.ch\/de\/produkte\/kalt\/"]}]},{"@type":"BreadcrumbList","@id":"https:\/\/www.multigas.ch\/de\/produkte\/kalt\/#breadcrumb","itemListElement":[{"@type":"ListItem","position":1,"name":"Zuhause","item":"https:\/\/www.multigas.ch\/de\/"},{"@type":"ListItem","position":2,"name":"Produkte","item":"https:\/\/www.multigas.ch\/de\/produkte\/"},{"@type":"ListItem","position":3,"name":"K\u00e4ltetechnik"}]},{"@type":"WebSite","@id":"https:\/\/www.multigas.ch\/#website","url":"https:\/\/www.multigas.ch\/","name":"Multigas","description":"Fournisseur de Gaz sp\u00e9ciaux en Suisse","potentialAction":[{"@type":"SearchAction","target":{"@type":"EntryPoint","urlTemplate":"https:\/\/www.multigas.ch\/?s={search_term_string}"},"query-input":{"@type":"PropertyValueSpecification","valueRequired":true,"valueName":"search_term_string"}}],"inLanguage":"de"}]}},"_links":{"self":[{"href":"https:\/\/www.multigas.ch\/de\/wp-json\/wp\/v2\/pages\/1264","targetHints":{"allow":["GET"]}}],"collection":[{"href":"https:\/\/www.multigas.ch\/de\/wp-json\/wp\/v2\/pages"}],"about":[{"href":"https:\/\/www.multigas.ch\/de\/wp-json\/wp\/v2\/types\/page"}],"author":[{"embeddable":true,"href":"https:\/\/www.multigas.ch\/de\/wp-json\/wp\/v2\/users\/1"}],"replies":[{"embeddable":true,"href":"https:\/\/www.multigas.ch\/de\/wp-json\/wp\/v2\/comments?post=1264"}],"version-history":[{"count":19,"href":"https:\/\/www.multigas.ch\/de\/wp-json\/wp\/v2\/pages\/1264\/revisions"}],"predecessor-version":[{"id":7580,"href":"https:\/\/www.multigas.ch\/de\/wp-json\/wp\/v2\/pages\/1264\/revisions\/7580"}],"up":[{"embeddable":true,"href":"https:\/\/www.multigas.ch\/de\/wp-json\/wp\/v2\/pages\/631"}],"wp:attachment":[{"href":"https:\/\/www.multigas.ch\/de\/wp-json\/wp\/v2\/media?parent=1264"}],"curies":[{"name":"wp","href":"https:\/\/api.w.org\/{rel}","templated":true}]}}